{"id":4860,"date":"2022-09-08T08:07:09","date_gmt":"2022-09-08T07:07:09","guid":{"rendered":"https:\/\/www.arenatours-lasterrenas.com\/?page_id=4860"},"modified":"2024-01-10T23:03:55","modified_gmt":"2024-01-10T22:03:55","slug":"ascension-al-pico-duarte","status":"publish","type":"page","link":"https:\/\/www.arenatours-lasterrenas.com\/es\/excursiones\/ascension-al-pico-duarte\/","title":{"rendered":"Ascensi\u00f3n al Pico Duarte"},"content":{"rendered":"\t\t<div data-elementor-type=\"wp-page\" data-elementor-id=\"4860\" class=\"elementor elementor-4860\">\n\t\t\t\t\t\t<section class=\"elementor-section elementor-top-section elementor-element elementor-element-9f16881 elementor-section-boxed elementor-section-height-default elementor-section-height-default\" data-id=\"9f16881\" data-element_type=\"section\" data-e-type=\"section\">\n\t\t\t\t\t\t<div class=\"elementor-container elementor-column-gap-default\">\n\t\t\t\t\t<div class=\"elementor-column elementor-col-100 elementor-top-column elementor-element elementor-element-7e62196\" data-id=\"7e62196\" data-element_type=\"column\" data-e-type=\"column\">\n\t\t\t<div class=\"elementor-widget-wrap elementor-element-populated\">\n\t\t\t\t\t\t<div class=\"elementor-element elementor-element-84caa9b elementor-widget elementor-widget-text-editor\" data-id=\"84caa9b\" data-element_type=\"widget\" data-e-type=\"widget\" data-widget_type=\"text-editor.default\">\n\t\t\t\t<div class=\"elementor-widget-container\">\n\t\t\t\t\t\t\t\t\t<div class=\"x_default-style\">Para llegar a la cima del\u00a0<strong><span class=\"markrw9s1u4qh\" data-markjs=\"true\" data-ogac=\"\" data-ogab=\"\" data-ogsc=\"\" data-ogsb=\"\">Pico<\/span>\u00a0<span class=\"mark5dwzq272t\" data-markjs=\"true\" data-ogac=\"\" data-ogab=\"\" data-ogsc=\"\" data-ogsb=\"\">Duarte<\/span><\/strong>, acceder a una vista de la zona y volver, tendr\u00e1n que caminen durante <strong>3 d\u00edas<\/strong> en <strong>plena naturaleza<\/strong>. La asenci\u00f3n a la <strong>cumbre m\u00e1s alta del Caribe<\/strong>, que culmina a una altitud de<strong> 3087 metros<\/strong>, es agotadora pero <strong>inolvidable<\/strong> !<\/div><div class=\"x_default-style\">Gracias a nuestro gu\u00eda, podr\u00e1n practicar el senderismo en buenas condiciones. Las variedades de altitud y temperatura, as\u00ed como la dificultad de la subida requieren una excelente condici\u00f3n f\u00edsica y buena volutad.<\/div><div class=\"x_default-style\">En el camino te llevaremos a trav\u00e8s de <strong>bosques tropicales y bosques de pinos mientras<\/strong> observ\u00e1<span style=\"color: var( --e-global-color-text ); font-family: var( --e-global-typography-text-font-family ), Sans-serif; font-weight: var( --e-global-typography-text-font-weight );\">s especies de<br \/>aves raras&#8230;<br \/>\u00a1<strong>Una aventura deportiva<\/strong> que no te puedes perder durante tu estancia en la Rep\u00fablica Dominicana!<br \/>2 noches , comida, guia y transporte desde Las Terrenas<\/span><\/div>\t\t\t\t\t\t\t\t<\/div>\n\t\t\t\t<\/div>\n\t\t\t\t\t<\/div>\n\t\t<\/div>\n\t\t\t\t\t<\/div>\n\t\t<\/section>\n\t\t\t\t<section class=\"elementor-section elementor-top-section elementor-element elementor-element-3f5273f elementor-section-boxed elementor-section-height-default elementor-section-height-default\" data-id=\"3f5273f\" data-element_type=\"section\" data-e-type=\"section\">\n\t\t\t\t\t\t<div class=\"elementor-container elementor-column-gap-default\">\n\t\t\t\t\t<div class=\"elementor-column elementor-col-100 elementor-top-column elementor-element elementor-element-668755b\" data-id=\"668755b\" data-element_type=\"column\" data-e-type=\"column\">\n\t\t\t<div class=\"elementor-widget-wrap elementor-element-populated\">\n\t\t\t\t\t\t<div class=\"elementor-element elementor-element-a9a7cc3 elementor-widget elementor-widget-heading\" data-id=\"a9a7cc3\" data-element_type=\"widget\" data-e-type=\"widget\" data-widget_type=\"heading.default\">\n\t\t\t\t<div class=\"elementor-widget-container\">\n\t\t\t\t\t<h2 class=\"elementor-heading-title elementor-size-default\"><i style=\"font-size: 2.8rem;font-weight: var( --e-global-typography-primary-font-weight );white-space: normal;, sans-serif\">Fotograf\u00edas<\/i><\/h2>\t\t\t\t<\/div>\n\t\t\t\t<\/div>\n\t\t\t\t\t<\/div>\n\t\t<\/div>\n\t\t\t\t\t<\/div>\n\t\t<\/section>\n\t\t\t\t<section class=\"elementor-section elementor-top-section elementor-element elementor-element-8280050 elementor-section-boxed elementor-section-height-default elementor-section-height-default\" data-id=\"8280050\" data-element_type=\"section\" data-e-type=\"section\">\n\t\t\t\t\t\t<div class=\"elementor-container elementor-column-gap-default\">\n\t\t\t\t\t<div class=\"elementor-column elementor-col-100 elementor-top-column elementor-element elementor-element-ed3d9a7\" data-id=\"ed3d9a7\" data-element_type=\"column\" data-e-type=\"column\">\n\t\t\t<div class=\"elementor-widget-wrap elementor-element-populated\">\n\t\t\t\t\t\t\t<\/div>\n\t\t<\/div>\n\t\t\t\t\t<\/div>\n\t\t<\/section>\n\t\t\t\t<section class=\"elementor-section elementor-top-section elementor-element elementor-element-8a287de elementor-section-boxed elementor-section-height-default elementor-section-height-default\" data-id=\"8a287de\" data-element_type=\"section\" data-e-type=\"section\">\n\t\t\t\t\t\t<div class=\"elementor-container elementor-column-gap-default\">\n\t\t\t\t\t<div class=\"elementor-column elementor-col-100 elementor-top-column elementor-element elementor-element-84b1d1e\" data-id=\"84b1d1e\" data-element_type=\"column\" data-e-type=\"column\">\n\t\t\t<div class=\"elementor-widget-wrap elementor-element-populated\">\n\t\t\t\t\t\t<div class=\"elementor-element elementor-element-6ee3b64 elementor-widget elementor-widget-image-gallery\" data-id=\"6ee3b64\" data-element_type=\"widget\" data-e-type=\"widget\" data-widget_type=\"image-gallery.default\">\n\t\t\t\t<div class=\"elementor-widget-container\">\n\t\t\t\t\t\t\t<div class=\"elementor-image-gallery\">\n\t\t\t\n\t\t<style type=\"text\/css\">\n\t\t\t#gallery-1 {\n\t\t\t\tmargin: auto;\n\t\t\t}\n\t\t\t#gallery-1 .gallery-item {\n\t\t\t\tfloat: left;\n\t\t\t\tmargin-top: 10px;\n\t\t\t\ttext-align: center;\n\t\t\t\twidth: 25%;\n\t\t\t}\n\t\t\t#gallery-1 img {\n\t\t\t\tborder: 2px solid #cfcfcf;\n\t\t\t}\n\t\t\t#gallery-1 .gallery-caption {\n\t\t\t\tmargin-left: 0;\n\t\t\t}\n\t\t\t\/* see gallery_shortcode() in wp-includes\/media.php *\/\n\t\t<\/style>\n\t\t<div id='gallery-1' class='gallery galleryid-4860 gallery-columns-4 gallery-size-thumbnail'><dl class='gallery-item'>\n\t\t\t<dt class='gallery-icon portrait'>\n\t\t\t\t<a data-elementor-open-lightbox=\"yes\" data-elementor-lightbox-slideshow=\"6ee3b64\" data-elementor-lightbox-title=\"IMG-20210406-WA0004\" data-e-action-hash=\"#elementor-action%3Aaction%3Dlightbox%26settings%3DeyJpZCI6NDg2NywidXJsIjoiaHR0cHM6XC9cL3d3dy5hcmVuYXRvdXJzLWxhc3RlcnJlbmFzLmNvbVwvd3AtY29udGVudFwvdXBsb2Fkc1wvMjAyMlwvMDlcL0lNRy0yMDIxMDQwNi1XQTAwMDQtMi5qcGciLCJzbGlkZXNob3ciOiI2ZWUzYjY0In0%3D\" href='https:\/\/www.arenatours-lasterrenas.com\/wp-content\/uploads\/2022\/09\/IMG-20210406-WA0004-2.jpg' title=\"\" data-rl_title=\"\" class=\"rl-gallery-link\" data-rl_caption=\"\" data-rel=\"lightbox-gallery-1\"><img decoding=\"async\" width=\"150\" height=\"150\" src=\"https:\/\/www.arenatours-lasterrenas.com\/wp-content\/uploads\/2022\/09\/IMG-20210406-WA0004-2-150x150.jpg\" class=\"attachment-thumbnail size-thumbnail\" alt=\"\" \/><\/a>\n\t\t\t<\/dt><\/dl><dl class='gallery-item'>\n\t\t\t<dt class='gallery-icon portrait'>\n\t\t\t\t<a data-elementor-open-lightbox=\"yes\" data-elementor-lightbox-slideshow=\"6ee3b64\" data-elementor-lightbox-title=\"IMG-20210406-WA0017\" data-e-action-hash=\"#elementor-action%3Aaction%3Dlightbox%26settings%3DeyJpZCI6NDg2OCwidXJsIjoiaHR0cHM6XC9cL3d3dy5hcmVuYXRvdXJzLWxhc3RlcnJlbmFzLmNvbVwvd3AtY29udGVudFwvdXBsb2Fkc1wvMjAyMlwvMDlcL0lNRy0yMDIxMDQwNi1XQTAwMTctMi5qcGciLCJzbGlkZXNob3ciOiI2ZWUzYjY0In0%3D\" href='https:\/\/www.arenatours-lasterrenas.com\/wp-content\/uploads\/2022\/09\/IMG-20210406-WA0017-2.jpg' title=\"\" data-rl_title=\"\" class=\"rl-gallery-link\" data-rl_caption=\"\" data-rel=\"lightbox-gallery-1\"><img decoding=\"async\" width=\"150\" height=\"150\" src=\"https:\/\/www.arenatours-lasterrenas.com\/wp-content\/uploads\/2022\/09\/IMG-20210406-WA0017-2-150x150.jpg\" class=\"attachment-thumbnail size-thumbnail\" alt=\"\" \/><\/a>\n\t\t\t<\/dt><\/dl><dl class='gallery-item'>\n\t\t\t<dt class='gallery-icon landscape'>\n\t\t\t\t<a data-elementor-open-lightbox=\"yes\" data-elementor-lightbox-slideshow=\"6ee3b64\" data-elementor-lightbox-title=\"IMG-20210406-WA0018\" data-e-action-hash=\"#elementor-action%3Aaction%3Dlightbox%26settings%3DeyJpZCI6NDg2OSwidXJsIjoiaHR0cHM6XC9cL3d3dy5hcmVuYXRvdXJzLWxhc3RlcnJlbmFzLmNvbVwvd3AtY29udGVudFwvdXBsb2Fkc1wvMjAyMlwvMDlcL0lNRy0yMDIxMDQwNi1XQTAwMTgtMi5qcGciLCJzbGlkZXNob3ciOiI2ZWUzYjY0In0%3D\" href='https:\/\/www.arenatours-lasterrenas.com\/wp-content\/uploads\/2022\/09\/IMG-20210406-WA0018-2.jpg' title=\"\" data-rl_title=\"\" class=\"rl-gallery-link\" data-rl_caption=\"\" data-rel=\"lightbox-gallery-1\"><img decoding=\"async\" width=\"150\" height=\"150\" src=\"https:\/\/www.arenatours-lasterrenas.com\/wp-content\/uploads\/2022\/09\/IMG-20210406-WA0018-2-150x150.jpg\" class=\"attachment-thumbnail size-thumbnail\" alt=\"\" \/><\/a>\n\t\t\t<\/dt><\/dl><dl class='gallery-item'>\n\t\t\t<dt class='gallery-icon landscape'>\n\t\t\t\t<a data-elementor-open-lightbox=\"yes\" data-elementor-lightbox-slideshow=\"6ee3b64\" data-elementor-lightbox-title=\"IMG-20210406-WA0020\" data-e-action-hash=\"#elementor-action%3Aaction%3Dlightbox%26settings%3DeyJpZCI6NDg3MCwidXJsIjoiaHR0cHM6XC9cL3d3dy5hcmVuYXRvdXJzLWxhc3RlcnJlbmFzLmNvbVwvd3AtY29udGVudFwvdXBsb2Fkc1wvMjAyMlwvMDlcL0lNRy0yMDIxMDQwNi1XQTAwMjAtNC5qcGciLCJzbGlkZXNob3ciOiI2ZWUzYjY0In0%3D\" href='https:\/\/www.arenatours-lasterrenas.com\/wp-content\/uploads\/2022\/09\/IMG-20210406-WA0020-4.jpg' title=\"\" data-rl_title=\"\" class=\"rl-gallery-link\" data-rl_caption=\"\" data-rel=\"lightbox-gallery-1\"><img loading=\"lazy\" decoding=\"async\" width=\"150\" height=\"150\" src=\"https:\/\/www.arenatours-lasterrenas.com\/wp-content\/uploads\/2022\/09\/IMG-20210406-WA0020-4-150x150.jpg\" class=\"attachment-thumbnail size-thumbnail\" alt=\"\" \/><\/a>\n\t\t\t<\/dt><\/dl><br style=\"clear: both\" \/><dl class='gallery-item'>\n\t\t\t<dt class='gallery-icon landscape'>\n\t\t\t\t<a data-elementor-open-lightbox=\"yes\" data-elementor-lightbox-slideshow=\"6ee3b64\" data-elementor-lightbox-title=\"thumbnail_IMG-20210406-WA0006 (1)\" data-e-action-hash=\"#elementor-action%3Aaction%3Dlightbox%26settings%3DeyJpZCI6NDg3MSwidXJsIjoiaHR0cHM6XC9cL3d3dy5hcmVuYXRvdXJzLWxhc3RlcnJlbmFzLmNvbVwvd3AtY29udGVudFwvdXBsb2Fkc1wvMjAyMlwvMDlcL3RodW1ibmFpbF9JTUctMjAyMTA0MDYtV0EwMDA2LTEtMi5qcGciLCJzbGlkZXNob3ciOiI2ZWUzYjY0In0%3D\" href='https:\/\/www.arenatours-lasterrenas.com\/wp-content\/uploads\/2022\/09\/thumbnail_IMG-20210406-WA0006-1-2.jpg' title=\"\" data-rl_title=\"\" class=\"rl-gallery-link\" data-rl_caption=\"\" data-rel=\"lightbox-gallery-1\"><img loading=\"lazy\" decoding=\"async\" width=\"150\" height=\"150\" src=\"https:\/\/www.arenatours-lasterrenas.com\/wp-content\/uploads\/2022\/09\/thumbnail_IMG-20210406-WA0006-1-2-150x150.jpg\" class=\"attachment-thumbnail size-thumbnail\" alt=\"\" \/><\/a>\n\t\t\t<\/dt><\/dl>\n\t\t\t<br style='clear: both' \/>\n\t\t<\/div>\n\t\t<\/div>\n\t\t\t\t\t\t<\/div>\n\t\t\t\t<\/div>\n\t\t\t\t\t<\/div>\n\t\t<\/div>\n\t\t\t\t\t<\/div>\n\t\t<\/section>\n\t\t\t\t<section class=\"elementor-section elementor-top-section elementor-element elementor-element-7ba8b4e elementor-section-boxed elementor-section-height-default elementor-section-height-default\" data-id=\"7ba8b4e\" data-element_type=\"section\" data-e-type=\"section\">\n\t\t\t\t\t\t<div class=\"elementor-container elementor-column-gap-default\">\n\t\t\t\t\t<div class=\"elementor-column elementor-col-100 elementor-top-column elementor-element elementor-element-71bdba3\" data-id=\"71bdba3\" data-element_type=\"column\" data-e-type=\"column\">\n\t\t\t<div class=\"elementor-widget-wrap elementor-element-populated\">\n\t\t\t\t\t\t<div class=\"elementor-element elementor-element-47f08e2 elementor-align-center elementor-widget elementor-widget-button\" data-id=\"47f08e2\" data-element_type=\"widget\" data-e-type=\"widget\" data-widget_type=\"button.default\">\n\t\t\t\t<div class=\"elementor-widget-container\">\n\t\t\t\t\t\t\t\t\t<div class=\"elementor-button-wrapper\">\n\t\t\t\t\t<a class=\"elementor-button elementor-button-link elementor-size-lg\" href=\"\">\n\t\t\t\t\t\t<span class=\"elementor-button-content-wrapper\">\n\t\t\t\t\t\t\t\t\t<span class=\"elementor-button-text\">Reservar<\/span>\n\t\t\t\t\t<\/span>\n\t\t\t\t\t<\/a>\n\t\t\t\t<\/div>\n\t\t\t\t\t\t\t\t<\/div>\n\t\t\t\t<\/div>\n\t\t\t\t\t<\/div>\n\t\t<\/div>\n\t\t\t\t\t<\/div>\n\t\t<\/section>\n\t\t\t\t<\/div>\n\t\t","protected":false},"excerpt":{"rendered":"<p>Para llegar a la cima del\u00a0Pico\u00a0Duarte, acceder a una vista de la zona y volver, tendr\u00e1n que caminen durante 3 d\u00edas en plena naturaleza. La asenci\u00f3n a la cumbre m\u00e1s alta del Caribe, que culmina a una altitud de 3087 metros, es agotadora pero inolvidable !Gracias a nuestro gu\u00eda, podr\u00e1n practicar el senderismo en buenas&nbsp;&hellip;<\/p>\n","protected":false},"author":3,"featured_media":4857,"parent":1531,"menu_order":0,"comment_status":"closed","ping_status":"closed","template":"","meta":{"_monsterinsights_skip_tracking":false,"_monsterinsights_sitenote_active":false,"_monsterinsights_sitenote_note":"","_monsterinsights_sitenote_category":0,"footnotes":""},"class_list":["post-4860","page","type-page","status-publish","has-post-thumbnail","hentry"],"yoast_head":"<!-- This site is optimized with the Yoast SEO plugin v27.5 - https:\/\/yoast.com\/product\/yoast-seo-wordpress\/ -->\n<title>Ascensi\u00f3n al Pico Duarte - Arena Tours Excursions<\/title>\n<meta name=\"robots\" content=\"index, follow, max-snippet:-1, max-image-preview:large, max-video-preview:-1\" \/>\n<link rel=\"canonical\" href=\"https:\/\/www.arenatours-lasterrenas.com\/es\/excursiones\/ascension-al-pico-duarte\/\" \/>\n<meta property=\"og:locale\" content=\"es_ES\" \/>\n<meta property=\"og:type\" content=\"article\" \/>\n<meta property=\"og:title\" content=\"Ascensi\u00f3n al Pico Duarte - Arena Tours Excursions\" \/>\n<meta property=\"og:description\" content=\"Para llegar a la cima del\u00a0Pico\u00a0Duarte, acceder a una vista de la zona y volver, tendr\u00e1n que caminen durante 3 d\u00edas en plena naturaleza. La asenci\u00f3n a la cumbre m\u00e1s alta del Caribe, que culmina a una altitud de 3087 metros, es agotadora pero inolvidable !Gracias a nuestro gu\u00eda, podr\u00e1n practicar el senderismo en buenas&nbsp;&hellip;\" \/>\n<meta property=\"og:url\" content=\"https:\/\/www.arenatours-lasterrenas.com\/es\/excursiones\/ascension-al-pico-duarte\/\" \/>\n<meta property=\"og:site_name\" content=\"Arena Tours Excursions\" \/>\n<meta property=\"article:publisher\" content=\"https:\/\/fr-ca.facebook.com\/pages\/Arena-Tours\/545968388760595\" \/>\n<meta property=\"article:modified_time\" content=\"2024-01-10T22:03:55+00:00\" \/>\n<meta property=\"og:image\" content=\"https:\/\/www.arenatours-lasterrenas.com\/wp-content\/uploads\/2022\/09\/IMG-20210406-WA0020.jpg\" \/>\n\t<meta property=\"og:image:width\" content=\"1280\" \/>\n\t<meta property=\"og:image:height\" content=\"960\" \/>\n\t<meta property=\"og:image:type\" content=\"image\/jpeg\" \/>\n<meta name=\"twitter:card\" content=\"summary_large_image\" \/>\n<meta name=\"twitter:label1\" content=\"Tiempo de lectura\" \/>\n\t<meta name=\"twitter:data1\" content=\"2 minutos\" \/>\n<script type=\"application\/ld+json\" class=\"yoast-schema-graph\">{\"@context\":\"https:\\\/\\\/schema.org\",\"@graph\":[{\"@type\":\"WebPage\",\"@id\":\"https:\\\/\\\/www.arenatours-lasterrenas.com\\\/es\\\/excursiones\\\/ascension-al-pico-duarte\\\/\",\"url\":\"https:\\\/\\\/www.arenatours-lasterrenas.com\\\/es\\\/excursiones\\\/ascension-al-pico-duarte\\\/\",\"name\":\"Ascensi\u00f3n al Pico Duarte - Arena Tours Excursions\",\"isPartOf\":{\"@id\":\"https:\\\/\\\/www.arenatours-lasterrenas.com\\\/#website\"},\"primaryImageOfPage\":{\"@id\":\"https:\\\/\\\/www.arenatours-lasterrenas.com\\\/es\\\/excursiones\\\/ascension-al-pico-duarte\\\/#primaryimage\"},\"image\":{\"@id\":\"https:\\\/\\\/www.arenatours-lasterrenas.com\\\/es\\\/excursiones\\\/ascension-al-pico-duarte\\\/#primaryimage\"},\"thumbnailUrl\":\"https:\\\/\\\/www.arenatours-lasterrenas.com\\\/wp-content\\\/uploads\\\/2022\\\/09\\\/IMG-20210406-WA0020.jpg\",\"datePublished\":\"2022-09-08T07:07:09+00:00\",\"dateModified\":\"2024-01-10T22:03:55+00:00\",\"breadcrumb\":{\"@id\":\"https:\\\/\\\/www.arenatours-lasterrenas.com\\\/es\\\/excursiones\\\/ascension-al-pico-duarte\\\/#breadcrumb\"},\"inLanguage\":\"es\",\"potentialAction\":[{\"@type\":\"ReadAction\",\"target\":[\"https:\\\/\\\/www.arenatours-lasterrenas.com\\\/es\\\/excursiones\\\/ascension-al-pico-duarte\\\/\"]}]},{\"@type\":\"ImageObject\",\"inLanguage\":\"es\",\"@id\":\"https:\\\/\\\/www.arenatours-lasterrenas.com\\\/es\\\/excursiones\\\/ascension-al-pico-duarte\\\/#primaryimage\",\"url\":\"https:\\\/\\\/www.arenatours-lasterrenas.com\\\/wp-content\\\/uploads\\\/2022\\\/09\\\/IMG-20210406-WA0020.jpg\",\"contentUrl\":\"https:\\\/\\\/www.arenatours-lasterrenas.com\\\/wp-content\\\/uploads\\\/2022\\\/09\\\/IMG-20210406-WA0020.jpg\",\"width\":1280,\"height\":960,\"caption\":\"Pico Duarte\"},{\"@type\":\"BreadcrumbList\",\"@id\":\"https:\\\/\\\/www.arenatours-lasterrenas.com\\\/es\\\/excursiones\\\/ascension-al-pico-duarte\\\/#breadcrumb\",\"itemListElement\":[{\"@type\":\"ListItem\",\"position\":1,\"name\":\"Accueil\",\"item\":\"https:\\\/\\\/www.arenatours-lasterrenas.com\\\/es\\\/\"},{\"@type\":\"ListItem\",\"position\":2,\"name\":\"Excursiones\",\"item\":\"https:\\\/\\\/www.arenatours-lasterrenas.com\\\/es\\\/excursiones\\\/\"},{\"@type\":\"ListItem\",\"position\":3,\"name\":\"Ascensi\u00f3n al Pico Duarte\"}]},{\"@type\":\"WebSite\",\"@id\":\"https:\\\/\\\/www.arenatours-lasterrenas.com\\\/#website\",\"url\":\"https:\\\/\\\/www.arenatours-lasterrenas.com\\\/\",\"name\":\"Arena Tours Excursions\",\"description\":\"\",\"publisher\":{\"@id\":\"https:\\\/\\\/www.arenatours-lasterrenas.com\\\/#organization\"},\"potentialAction\":[{\"@type\":\"SearchAction\",\"target\":{\"@type\":\"EntryPoint\",\"urlTemplate\":\"https:\\\/\\\/www.arenatours-lasterrenas.com\\\/?s={search_term_string}\"},\"query-input\":{\"@type\":\"PropertyValueSpecification\",\"valueRequired\":true,\"valueName\":\"search_term_string\"}}],\"inLanguage\":\"es\"},{\"@type\":\"Organization\",\"@id\":\"https:\\\/\\\/www.arenatours-lasterrenas.com\\\/#organization\",\"name\":\"ARENA TOURS\",\"url\":\"https:\\\/\\\/www.arenatours-lasterrenas.com\\\/\",\"logo\":{\"@type\":\"ImageObject\",\"inLanguage\":\"es\",\"@id\":\"https:\\\/\\\/www.arenatours-lasterrenas.com\\\/#\\\/schema\\\/logo\\\/image\\\/\",\"url\":\"http:\\\/\\\/www.arenatours-lasterrenas.com\\\/wp-content\\\/uploads\\\/2015\\\/07\\\/Logo-Arena-Tours-BAT-ret.png\",\"contentUrl\":\"http:\\\/\\\/www.arenatours-lasterrenas.com\\\/wp-content\\\/uploads\\\/2015\\\/07\\\/Logo-Arena-Tours-BAT-ret.png\",\"width\":1181,\"height\":403,\"caption\":\"ARENA TOURS\"},\"image\":{\"@id\":\"https:\\\/\\\/www.arenatours-lasterrenas.com\\\/#\\\/schema\\\/logo\\\/image\\\/\"},\"sameAs\":[\"https:\\\/\\\/fr-ca.facebook.com\\\/pages\\\/Arena-Tours\\\/545968388760595\"]}]}<\/script>\n<!-- \/ Yoast SEO plugin. -->","yoast_head_json":{"title":"Ascensi\u00f3n al Pico Duarte - Arena Tours Excursions","robots":{"index":"index","follow":"follow","max-snippet":"max-snippet:-1","max-image-preview":"max-image-preview:large","max-video-preview":"max-video-preview:-1"},"canonical":"https:\/\/www.arenatours-lasterrenas.com\/es\/excursiones\/ascension-al-pico-duarte\/","og_locale":"es_ES","og_type":"article","og_title":"Ascensi\u00f3n al Pico Duarte - Arena Tours Excursions","og_description":"Para llegar a la cima del\u00a0Pico\u00a0Duarte, acceder a una vista de la zona y volver, tendr\u00e1n que caminen durante 3 d\u00edas en plena naturaleza. La asenci\u00f3n a la cumbre m\u00e1s alta del Caribe, que culmina a una altitud de 3087 metros, es agotadora pero inolvidable !Gracias a nuestro gu\u00eda, podr\u00e1n practicar el senderismo en buenas&nbsp;&hellip;","og_url":"https:\/\/www.arenatours-lasterrenas.com\/es\/excursiones\/ascension-al-pico-duarte\/","og_site_name":"Arena Tours Excursions","article_publisher":"https:\/\/fr-ca.facebook.com\/pages\/Arena-Tours\/545968388760595","article_modified_time":"2024-01-10T22:03:55+00:00","og_image":[{"width":1280,"height":960,"url":"https:\/\/www.arenatours-lasterrenas.com\/wp-content\/uploads\/2022\/09\/IMG-20210406-WA0020.jpg","type":"image\/jpeg"}],"twitter_card":"summary_large_image","twitter_misc":{"Tiempo de lectura":"2 minutos"},"schema":{"@context":"https:\/\/schema.org","@graph":[{"@type":"WebPage","@id":"https:\/\/www.arenatours-lasterrenas.com\/es\/excursiones\/ascension-al-pico-duarte\/","url":"https:\/\/www.arenatours-lasterrenas.com\/es\/excursiones\/ascension-al-pico-duarte\/","name":"Ascensi\u00f3n al Pico Duarte - Arena Tours Excursions","isPartOf":{"@id":"https:\/\/www.arenatours-lasterrenas.com\/#website"},"primaryImageOfPage":{"@id":"https:\/\/www.arenatours-lasterrenas.com\/es\/excursiones\/ascension-al-pico-duarte\/#primaryimage"},"image":{"@id":"https:\/\/www.arenatours-lasterrenas.com\/es\/excursiones\/ascension-al-pico-duarte\/#primaryimage"},"thumbnailUrl":"https:\/\/www.arenatours-lasterrenas.com\/wp-content\/uploads\/2022\/09\/IMG-20210406-WA0020.jpg","datePublished":"2022-09-08T07:07:09+00:00","dateModified":"2024-01-10T22:03:55+00:00","breadcrumb":{"@id":"https:\/\/www.arenatours-lasterrenas.com\/es\/excursiones\/ascension-al-pico-duarte\/#breadcrumb"},"inLanguage":"es","potentialAction":[{"@type":"ReadAction","target":["https:\/\/www.arenatours-lasterrenas.com\/es\/excursiones\/ascension-al-pico-duarte\/"]}]},{"@type":"ImageObject","inLanguage":"es","@id":"https:\/\/www.arenatours-lasterrenas.com\/es\/excursiones\/ascension-al-pico-duarte\/#primaryimage","url":"https:\/\/www.arenatours-lasterrenas.com\/wp-content\/uploads\/2022\/09\/IMG-20210406-WA0020.jpg","contentUrl":"https:\/\/www.arenatours-lasterrenas.com\/wp-content\/uploads\/2022\/09\/IMG-20210406-WA0020.jpg","width":1280,"height":960,"caption":"Pico Duarte"},{"@type":"BreadcrumbList","@id":"https:\/\/www.arenatours-lasterrenas.com\/es\/excursiones\/ascension-al-pico-duarte\/#breadcrumb","itemListElement":[{"@type":"ListItem","position":1,"name":"Accueil","item":"https:\/\/www.arenatours-lasterrenas.com\/es\/"},{"@type":"ListItem","position":2,"name":"Excursiones","item":"https:\/\/www.arenatours-lasterrenas.com\/es\/excursiones\/"},{"@type":"ListItem","position":3,"name":"Ascensi\u00f3n al Pico Duarte"}]},{"@type":"WebSite","@id":"https:\/\/www.arenatours-lasterrenas.com\/#website","url":"https:\/\/www.arenatours-lasterrenas.com\/","name":"Arena Tours Excursions","description":"","publisher":{"@id":"https:\/\/www.arenatours-lasterrenas.com\/#organization"},"potentialAction":[{"@type":"SearchAction","target":{"@type":"EntryPoint","urlTemplate":"https:\/\/www.arenatours-lasterrenas.com\/?s={search_term_string}"},"query-input":{"@type":"PropertyValueSpecification","valueRequired":true,"valueName":"search_term_string"}}],"inLanguage":"es"},{"@type":"Organization","@id":"https:\/\/www.arenatours-lasterrenas.com\/#organization","name":"ARENA TOURS","url":"https:\/\/www.arenatours-lasterrenas.com\/","logo":{"@type":"ImageObject","inLanguage":"es","@id":"https:\/\/www.arenatours-lasterrenas.com\/#\/schema\/logo\/image\/","url":"http:\/\/www.arenatours-lasterrenas.com\/wp-content\/uploads\/2015\/07\/Logo-Arena-Tours-BAT-ret.png","contentUrl":"http:\/\/www.arenatours-lasterrenas.com\/wp-content\/uploads\/2015\/07\/Logo-Arena-Tours-BAT-ret.png","width":1181,"height":403,"caption":"ARENA TOURS"},"image":{"@id":"https:\/\/www.arenatours-lasterrenas.com\/#\/schema\/logo\/image\/"},"sameAs":["https:\/\/fr-ca.facebook.com\/pages\/Arena-Tours\/545968388760595"]}]}},"_links":{"self":[{"href":"https:\/\/www.arenatours-lasterrenas.com\/es\/wp-json\/wp\/v2\/pages\/4860","targetHints":{"allow":["GET"]}}],"collection":[{"href":"https:\/\/www.arenatours-lasterrenas.com\/es\/wp-json\/wp\/v2\/pages"}],"about":[{"href":"https:\/\/www.arenatours-lasterrenas.com\/es\/wp-json\/wp\/v2\/types\/page"}],"author":[{"embeddable":true,"href":"https:\/\/www.arenatours-lasterrenas.com\/es\/wp-json\/wp\/v2\/users\/3"}],"replies":[{"embeddable":true,"href":"https:\/\/www.arenatours-lasterrenas.com\/es\/wp-json\/wp\/v2\/comments?post=4860"}],"version-history":[{"count":7,"href":"https:\/\/www.arenatours-lasterrenas.com\/es\/wp-json\/wp\/v2\/pages\/4860\/revisions"}],"predecessor-version":[{"id":4887,"href":"https:\/\/www.arenatours-lasterrenas.com\/es\/wp-json\/wp\/v2\/pages\/4860\/revisions\/4887"}],"up":[{"embeddable":true,"href":"https:\/\/www.arenatours-lasterrenas.com\/es\/wp-json\/wp\/v2\/pages\/1531"}],"wp:featuredmedia":[{"embeddable":true,"href":"https:\/\/www.arenatours-lasterrenas.com\/es\/wp-json\/wp\/v2\/media\/4857"}],"wp:attachment":[{"href":"https:\/\/www.arenatours-lasterrenas.com\/es\/wp-json\/wp\/v2\/media?parent=4860"}],"curies":[{"name":"wp","href":"https:\/\/api.w.org\/{rel}","templated":true}]}}