{"id":3868,"date":"2019-11-22T11:15:37","date_gmt":"2019-11-22T10:15:37","guid":{"rendered":"http:\/\/www.arenatours-lasterrenas.com\/?page_id=3868"},"modified":"2024-01-11T15:53:59","modified_gmt":"2024-01-11T14:53:59","slug":"visitar-santo-domingo","status":"publish","type":"page","link":"https:\/\/www.arenatours-lasterrenas.com\/es\/excursiones\/visitar-santo-domingo\/","title":{"rendered":"Visita de Santo Domingo"},"content":{"rendered":"\t\t<div data-elementor-type=\"wp-page\" data-elementor-id=\"3868\" class=\"elementor elementor-3868 elementor-2642\">\n\t\t\t\t\t\t<section class=\"elementor-section elementor-top-section elementor-element elementor-element-b144706 elementor-section-boxed elementor-section-height-default elementor-section-height-default\" data-id=\"b144706\" data-element_type=\"section\" data-e-type=\"section\">\n\t\t\t\t\t\t<div class=\"elementor-container elementor-column-gap-default\">\n\t\t\t\t\t<div class=\"elementor-column elementor-col-100 elementor-top-column elementor-element elementor-element-90c9080\" data-id=\"90c9080\" data-element_type=\"column\" data-e-type=\"column\">\n\t\t\t<div class=\"elementor-widget-wrap elementor-element-populated\">\n\t\t\t\t\t\t<div class=\"elementor-element elementor-element-0890c05 elementor-widget elementor-widget-text-editor\" data-id=\"0890c05\" data-element_type=\"widget\" data-e-type=\"widget\" data-widget_type=\"text-editor.default\">\n\t\t\t\t<div class=\"elementor-widget-container\">\n\t\t\t\t\t\t\t\t\t<p><span style=\"color: #000000;\"><strong>CULTURA Y TRADICI\u00d2N :<\/strong><\/span><\/p><p><span style=\"color: #000000;\">Capital de la Rep\u00f9blica Dominicana, Santo Domingo fu\u00e9 la primera capital del Nuevo Mundo fondado por los\u00a0 \u00abconquistadores\u00bb a partir de 1496.<\/span><\/p><p><span style=\"color: #000000;\"><strong>VISITA DE LA CIUDAD VIEJA : <\/strong><span style=\"text-decoration: underline;\">Zona Colonial<\/span> <\/span><\/p><p><span style=\"color: #000000;\"><strong><span style=\"text-decoration: underline;\">La Catedral Santa Maria la Menor<\/span><\/strong>, primera catedral de las Americas ,edificada de 1510 a 1540.<\/span><\/p><p><span style=\"color: #000000;\">Caminando por las calles clasificadas en el Patrimonio Mondial de la Humanidad de la Unesco.<\/span><\/p><p><span style=\"text-decoration: underline; color: #000000;\"><strong>MUSEO DE LAS CASAS REALES :<\/strong><\/span><span style=\"color: #000000;\">E ste maravilloso\u00a0 m\u00faseo, ubicado en un de los m\u00e1s interesante edificio colonial, les informar\u00e9 de la historia de la Conquista del Nuevo Mundo de parte de Cristobal Colomb y el nacimiento de la Hispaniola (antica nombre de la Isla de Santo Domingo).<\/span><\/p><p><span style=\"text-decoration: underline; color: #000000;\"><b>Pante<\/b><b>\u00f3<\/b><b>n<\/b> de la Patria\u00a0<\/span><\/p><p><span style=\"color: #000000;\"><strong><span style=\"text-decoration: underline;\">M\u00faseo de Alcazar de Col\u00f3n<\/span> :<\/strong> la casa del Gobernador de la Isla que era el hijo de Cristobal Col\u00f3n &#8211;<strong> Diego Col\u00f3n <\/strong><\/span><\/p><p><span style=\"color: #000000;\">Visita de una <b>f\u00e1brica de Larimar<\/b><strong>\u00a0 &#8211; e<\/strong>sta piedra se encuentr\u00e1 unicamente en la Rep\u00f9blica Dominicana &#8211; ambre azul y coral negro, y tiempo libre en las calles<\/span><\/p><p><span style=\"color: #000000;\">\u00a0Almuerzo en el Restaurante ATARAZANA (antigua aduana)<\/span><\/p><p>\u00a0<\/p>\t\t\t\t\t\t\t\t<\/div>\n\t\t\t\t<\/div>\n\t\t\t\t\t<\/div>\n\t\t<\/div>\n\t\t\t\t\t<\/div>\n\t\t<\/section>\n\t\t\t\t<section class=\"elementor-section elementor-top-section elementor-element elementor-element-1a82d7f elementor-section-boxed elementor-section-height-default elementor-section-height-default\" data-id=\"1a82d7f\" data-element_type=\"section\" data-e-type=\"section\">\n\t\t\t\t\t\t<div class=\"elementor-container elementor-column-gap-default\">\n\t\t\t\t\t<div class=\"elementor-column elementor-col-100 elementor-top-column elementor-element elementor-element-a26b146\" data-id=\"a26b146\" data-element_type=\"column\" data-e-type=\"column\">\n\t\t\t<div class=\"elementor-widget-wrap elementor-element-populated\">\n\t\t\t\t\t\t<div class=\"elementor-element elementor-element-1124415 elementor-widget elementor-widget-spacer\" data-id=\"1124415\" data-element_type=\"widget\" data-e-type=\"widget\" data-widget_type=\"spacer.default\">\n\t\t\t\t<div class=\"elementor-widget-container\">\n\t\t\t\t\t\t\t<div class=\"elementor-spacer\">\n\t\t\t<div class=\"elementor-spacer-inner\"><\/div>\n\t\t<\/div>\n\t\t\t\t\t\t<\/div>\n\t\t\t\t<\/div>\n\t\t\t\t\t<\/div>\n\t\t<\/div>\n\t\t\t\t\t<\/div>\n\t\t<\/section>\n\t\t\t\t<section class=\"elementor-section elementor-top-section elementor-element elementor-element-5f554d0 elementor-section-boxed elementor-section-height-default elementor-section-height-default\" data-id=\"5f554d0\" data-element_type=\"section\" data-e-type=\"section\">\n\t\t\t\t\t\t<div class=\"elementor-container elementor-column-gap-default\">\n\t\t\t\t\t<div class=\"elementor-column elementor-col-100 elementor-top-column elementor-element elementor-element-b1b5425\" data-id=\"b1b5425\" data-element_type=\"column\" data-e-type=\"column\">\n\t\t\t<div class=\"elementor-widget-wrap elementor-element-populated\">\n\t\t\t\t\t\t<div class=\"elementor-element elementor-element-1bb401e elementor-widget elementor-widget-heading\" data-id=\"1bb401e\" data-element_type=\"widget\" data-e-type=\"widget\" data-widget_type=\"heading.default\">\n\t\t\t\t<div class=\"elementor-widget-container\">\n\t\t\t\t\t<h2 class=\"elementor-heading-title elementor-size-default\"><i style=\"font-size: 2.8rem;white-space: normal;, sans-serif\">Fotograf\u00edas<\/i><\/h2>\t\t\t\t<\/div>\n\t\t\t\t<\/div>\n\t\t\t\t\t<\/div>\n\t\t<\/div>\n\t\t\t\t\t<\/div>\n\t\t<\/section>\n\t\t\t\t<section class=\"elementor-section elementor-top-section elementor-element elementor-element-6d7d7ac elementor-section-boxed elementor-section-height-default elementor-section-height-default\" data-id=\"6d7d7ac\" data-element_type=\"section\" data-e-type=\"section\">\n\t\t\t\t\t\t<div class=\"elementor-container elementor-column-gap-default\">\n\t\t\t\t\t<div class=\"elementor-column elementor-col-100 elementor-top-column elementor-element elementor-element-9cfff61\" data-id=\"9cfff61\" data-element_type=\"column\" data-e-type=\"column\">\n\t\t\t<div class=\"elementor-widget-wrap elementor-element-populated\">\n\t\t\t\t\t\t<div class=\"elementor-element elementor-element-3564a58 elementor-widget elementor-widget-image-gallery\" data-id=\"3564a58\" data-element_type=\"widget\" data-e-type=\"widget\" data-widget_type=\"image-gallery.default\">\n\t\t\t\t<div class=\"elementor-widget-container\">\n\t\t\t\t\t\t\t<div class=\"elementor-image-gallery\">\n\t\t\t\n\t\t<style type=\"text\/css\">\n\t\t\t#gallery-1 {\n\t\t\t\tmargin: auto;\n\t\t\t}\n\t\t\t#gallery-1 .gallery-item {\n\t\t\t\tfloat: left;\n\t\t\t\tmargin-top: 10px;\n\t\t\t\ttext-align: center;\n\t\t\t\twidth: 25%;\n\t\t\t}\n\t\t\t#gallery-1 img {\n\t\t\t\tborder: 2px solid #cfcfcf;\n\t\t\t}\n\t\t\t#gallery-1 .gallery-caption {\n\t\t\t\tmargin-left: 0;\n\t\t\t}\n\t\t\t\/* see gallery_shortcode() in wp-includes\/media.php *\/\n\t\t<\/style>\n\t\t<div id='gallery-1' class='gallery galleryid-3868 gallery-columns-4 gallery-size-thumbnail'><dl class='gallery-item'>\n\t\t\t<dt class='gallery-icon landscape'>\n\t\t\t\t<a data-elementor-open-lightbox=\"yes\" data-elementor-lightbox-slideshow=\"3564a58\" data-elementor-lightbox-title=\"Excursions a Santo Domingo\" data-e-action-hash=\"#elementor-action%3Aaction%3Dlightbox%26settings%3DeyJpZCI6MjgzOCwidXJsIjoiaHR0cHM6XC9cL3d3dy5hcmVuYXRvdXJzLWxhc3RlcnJlbmFzLmNvbVwvd3AtY29udGVudFwvdXBsb2Fkc1wvMjAxNVwvMDdcL3NhbnRvLWRvbWluZ28tNC5qcGciLCJzbGlkZXNob3ciOiIzNTY0YTU4In0%3D\" href='https:\/\/www.arenatours-lasterrenas.com\/wp-content\/uploads\/2015\/07\/santo-domingo-4.jpg' title=\"\" data-rl_title=\"\" class=\"rl-gallery-link\" data-rl_caption=\"\" data-rel=\"lightbox-gallery-1\"><img decoding=\"async\" width=\"150\" height=\"150\" src=\"https:\/\/www.arenatours-lasterrenas.com\/wp-content\/uploads\/2015\/07\/santo-domingo-4-150x150.jpg\" class=\"attachment-thumbnail size-thumbnail\" alt=\"\" \/><\/a>\n\t\t\t<\/dt><\/dl><dl class='gallery-item'>\n\t\t\t<dt class='gallery-icon landscape'>\n\t\t\t\t<a data-elementor-open-lightbox=\"yes\" data-elementor-lightbox-slideshow=\"3564a58\" data-elementor-lightbox-title=\"Excursions a Santo Domingo\" data-e-action-hash=\"#elementor-action%3Aaction%3Dlightbox%26settings%3DeyJpZCI6MjgzNCwidXJsIjoiaHR0cHM6XC9cL3d3dy5hcmVuYXRvdXJzLWxhc3RlcnJlbmFzLmNvbVwvd3AtY29udGVudFwvdXBsb2Fkc1wvMjAxNVwvMDdcL3NhbnRvLWRvbWluZ28tMi5qcGciLCJzbGlkZXNob3ciOiIzNTY0YTU4In0%3D\" href='https:\/\/www.arenatours-lasterrenas.com\/wp-content\/uploads\/2015\/07\/santo-domingo-2.jpg' title=\"\" data-rl_title=\"\" class=\"rl-gallery-link\" data-rl_caption=\"\" data-rel=\"lightbox-gallery-1\"><img decoding=\"async\" width=\"150\" height=\"150\" src=\"https:\/\/www.arenatours-lasterrenas.com\/wp-content\/uploads\/2015\/07\/santo-domingo-2-150x150.jpg\" class=\"attachment-thumbnail size-thumbnail\" alt=\"\" \/><\/a>\n\t\t\t<\/dt><\/dl><dl class='gallery-item'>\n\t\t\t<dt class='gallery-icon landscape'>\n\t\t\t\t<a data-elementor-open-lightbox=\"yes\" data-elementor-lightbox-slideshow=\"3564a58\" data-elementor-lightbox-title=\"Excursions a Santo Domingo\" data-e-action-hash=\"#elementor-action%3Aaction%3Dlightbox%26settings%3DeyJpZCI6MjgzNiwidXJsIjoiaHR0cHM6XC9cL3d3dy5hcmVuYXRvdXJzLWxhc3RlcnJlbmFzLmNvbVwvd3AtY29udGVudFwvdXBsb2Fkc1wvMjAxNVwvMDdcL3NhbnRvLWRvbWluZ28uanBnIiwic2xpZGVzaG93IjoiMzU2NGE1OCJ9\" href='https:\/\/www.arenatours-lasterrenas.com\/wp-content\/uploads\/2015\/07\/santo-domingo.jpg' title=\"\" data-rl_title=\"\" class=\"rl-gallery-link\" data-rl_caption=\"\" data-rel=\"lightbox-gallery-1\"><img decoding=\"async\" width=\"150\" height=\"150\" src=\"https:\/\/www.arenatours-lasterrenas.com\/wp-content\/uploads\/2015\/07\/santo-domingo-150x150.jpg\" class=\"attachment-thumbnail size-thumbnail\" alt=\"\" \/><\/a>\n\t\t\t<\/dt><\/dl><dl class='gallery-item'>\n\t\t\t<dt class='gallery-icon landscape'>\n\t\t\t\t<a data-elementor-open-lightbox=\"yes\" data-elementor-lightbox-slideshow=\"3564a58\" data-elementor-lightbox-title=\"Excursions a Santo Domingo\" data-e-action-hash=\"#elementor-action%3Aaction%3Dlightbox%26settings%3DeyJpZCI6MjgzMiwidXJsIjoiaHR0cHM6XC9cL3d3dy5hcmVuYXRvdXJzLWxhc3RlcnJlbmFzLmNvbVwvd3AtY29udGVudFwvdXBsb2Fkc1wvMjAxNVwvMDdcL3NhbnRvLWRvbWluZ28tMy5qcGciLCJzbGlkZXNob3ciOiIzNTY0YTU4In0%3D\" href='https:\/\/www.arenatours-lasterrenas.com\/wp-content\/uploads\/2015\/07\/santo-domingo-3.jpg' title=\"\" data-rl_title=\"\" class=\"rl-gallery-link\" data-rl_caption=\"\" data-rel=\"lightbox-gallery-1\"><img loading=\"lazy\" decoding=\"async\" width=\"150\" height=\"150\" src=\"https:\/\/www.arenatours-lasterrenas.com\/wp-content\/uploads\/2015\/07\/santo-domingo-3-150x150.jpg\" class=\"attachment-thumbnail size-thumbnail\" alt=\"\" \/><\/a>\n\t\t\t<\/dt><\/dl><br style=\"clear: both\" \/>\n\t\t<\/div>\n\t\t<\/div>\n\t\t\t\t\t\t<\/div>\n\t\t\t\t<\/div>\n\t\t\t\t\t<\/div>\n\t\t<\/div>\n\t\t\t\t\t<\/div>\n\t\t<\/section>\n\t\t\t\t<section class=\"elementor-section elementor-top-section elementor-element elementor-element-d4a0d36 elementor-section-boxed elementor-section-height-default elementor-section-height-default\" data-id=\"d4a0d36\" data-element_type=\"section\" data-e-type=\"section\">\n\t\t\t\t\t\t<div class=\"elementor-container elementor-column-gap-default\">\n\t\t\t\t\t<div class=\"elementor-column elementor-col-100 elementor-top-column elementor-element elementor-element-c5aa9a3\" data-id=\"c5aa9a3\" data-element_type=\"column\" data-e-type=\"column\">\n\t\t\t<div class=\"elementor-widget-wrap elementor-element-populated\">\n\t\t\t\t\t\t<div class=\"elementor-element elementor-element-44156aa elementor-widget elementor-widget-spacer\" data-id=\"44156aa\" data-element_type=\"widget\" data-e-type=\"widget\" data-widget_type=\"spacer.default\">\n\t\t\t\t<div class=\"elementor-widget-container\">\n\t\t\t\t\t\t\t<div class=\"elementor-spacer\">\n\t\t\t<div class=\"elementor-spacer-inner\"><\/div>\n\t\t<\/div>\n\t\t\t\t\t\t<\/div>\n\t\t\t\t<\/div>\n\t\t\t\t\t<\/div>\n\t\t<\/div>\n\t\t\t\t\t<\/div>\n\t\t<\/section>\n\t\t\t\t<section class=\"elementor-section elementor-top-section elementor-element elementor-element-6fa116a elementor-section-boxed elementor-section-height-default elementor-section-height-default\" data-id=\"6fa116a\" data-element_type=\"section\" data-e-type=\"section\">\n\t\t\t\t\t\t<div class=\"elementor-container elementor-column-gap-default\">\n\t\t\t\t\t<div class=\"elementor-column elementor-col-100 elementor-top-column elementor-element elementor-element-74464a1\" data-id=\"74464a1\" data-element_type=\"column\" data-e-type=\"column\">\n\t\t\t<div class=\"elementor-widget-wrap elementor-element-populated\">\n\t\t\t\t\t\t<div class=\"elementor-element elementor-element-5341069 elementor-align-center elementor-widget elementor-widget-button\" data-id=\"5341069\" data-element_type=\"widget\" data-e-type=\"widget\" data-widget_type=\"button.default\">\n\t\t\t\t<div class=\"elementor-widget-container\">\n\t\t\t\t\t\t\t\t\t<div class=\"elementor-button-wrapper\">\n\t\t\t\t\t<a class=\"elementor-button elementor-button-link elementor-size-lg\" href=\"https:\/\/www.arenatours-lasterrenas.com\/es\/contactarnos\/\">\n\t\t\t\t\t\t<span class=\"elementor-button-content-wrapper\">\n\t\t\t\t\t\t\t\t\t<span class=\"elementor-button-text\">Reservar<\/span>\n\t\t\t\t\t<\/span>\n\t\t\t\t\t<\/a>\n\t\t\t\t<\/div>\n\t\t\t\t\t\t\t\t<\/div>\n\t\t\t\t<\/div>\n\t\t\t\t<div class=\"elementor-element elementor-element-fa85ff1 elementor-align-right elementor-widget elementor-widget-button\" data-id=\"fa85ff1\" data-element_type=\"widget\" data-e-type=\"widget\" data-widget_type=\"button.default\">\n\t\t\t\t<div class=\"elementor-widget-container\">\n\t\t\t\t\t\t\t\t\t<div class=\"elementor-button-wrapper\">\n\t\t\t\t\t<a class=\"elementor-button elementor-button-link elementor-size-sm\" href=\"https:\/\/www.arenatours-lasterrenas.com\/es\/excursiones\/city-tour-las-terrenas\/\">\n\t\t\t\t\t\t<span class=\"elementor-button-content-wrapper\">\n\t\t\t\t\t\t\t\t\t<span class=\"elementor-button-text\">Excursi\u00f3n siguiente<\/span>\n\t\t\t\t\t<\/span>\n\t\t\t\t\t<\/a>\n\t\t\t\t<\/div>\n\t\t\t\t\t\t\t\t<\/div>\n\t\t\t\t<\/div>\n\t\t\t\t\t<\/div>\n\t\t<\/div>\n\t\t\t\t\t<\/div>\n\t\t<\/section>\n\t\t\t\t<\/div>\n\t\t","protected":false},"excerpt":{"rendered":"<p>CULTURA Y TRADICI\u00d2N : Capital de la Rep\u00f9blica Dominicana, Santo Domingo fu\u00e9 la primera capital del Nuevo Mundo fondado por los\u00a0 \u00abconquistadores\u00bb a partir de 1496. VISITA DE LA CIUDAD VIEJA : Zona Colonial La Catedral Santa Maria la Menor, primera catedral de las Americas ,edificada de 1510 a 1540. Caminando por las calles clasificadas&nbsp;&hellip;<\/p>\n","protected":false},"author":3,"featured_media":2838,"parent":1531,"menu_order":0,"comment_status":"closed","ping_status":"closed","template":"","meta":{"_monsterinsights_skip_tracking":false,"_monsterinsights_sitenote_active":false,"_monsterinsights_sitenote_note":"","_monsterinsights_sitenote_category":0,"footnotes":""},"class_list":["post-3868","page","type-page","status-publish","has-post-thumbnail","hentry"],"yoast_head":"<!-- This site is optimized with the Yoast SEO plugin v27.5 - https:\/\/yoast.com\/product\/yoast-seo-wordpress\/ -->\n<title>Visita de Santo Domingo - Arena Tours Excursions<\/title>\n<meta name=\"robots\" content=\"index, follow, max-snippet:-1, max-image-preview:large, max-video-preview:-1\" \/>\n<link rel=\"canonical\" href=\"https:\/\/www.arenatours-lasterrenas.com\/es\/excursiones\/visitar-santo-domingo\/\" \/>\n<meta property=\"og:locale\" content=\"es_ES\" \/>\n<meta property=\"og:type\" content=\"article\" \/>\n<meta property=\"og:title\" content=\"Visita de Santo Domingo - Arena Tours Excursions\" \/>\n<meta property=\"og:description\" content=\"CULTURA Y TRADICI\u00d2N : Capital de la Rep\u00f9blica Dominicana, Santo Domingo fu\u00e9 la primera capital del Nuevo Mundo fondado por los\u00a0 \u00abconquistadores\u00bb a partir de 1496. VISITA DE LA CIUDAD VIEJA : Zona Colonial La Catedral Santa Maria la Menor, primera catedral de las Americas ,edificada de 1510 a 1540. Caminando por las calles clasificadas&nbsp;&hellip;\" \/>\n<meta property=\"og:url\" content=\"https:\/\/www.arenatours-lasterrenas.com\/es\/excursiones\/visitar-santo-domingo\/\" \/>\n<meta property=\"og:site_name\" content=\"Arena Tours Excursions\" \/>\n<meta property=\"article:publisher\" content=\"https:\/\/fr-ca.facebook.com\/pages\/Arena-Tours\/545968388760595\" \/>\n<meta property=\"article:modified_time\" content=\"2024-01-11T14:53:59+00:00\" \/>\n<meta property=\"og:image\" content=\"https:\/\/www.arenatours-lasterrenas.com\/wp-content\/uploads\/2015\/07\/santo-domingo-4.jpg\" \/>\n\t<meta property=\"og:image:width\" content=\"660\" \/>\n\t<meta property=\"og:image:height\" content=\"365\" \/>\n\t<meta property=\"og:image:type\" content=\"image\/jpeg\" \/>\n<meta name=\"twitter:card\" content=\"summary_large_image\" \/>\n<meta name=\"twitter:label1\" content=\"Tiempo de lectura\" \/>\n\t<meta name=\"twitter:data1\" content=\"2 minutos\" \/>\n<script type=\"application\/ld+json\" class=\"yoast-schema-graph\">{\"@context\":\"https:\\\/\\\/schema.org\",\"@graph\":[{\"@type\":\"WebPage\",\"@id\":\"https:\\\/\\\/www.arenatours-lasterrenas.com\\\/es\\\/excursiones\\\/visitar-santo-domingo\\\/\",\"url\":\"https:\\\/\\\/www.arenatours-lasterrenas.com\\\/es\\\/excursiones\\\/visitar-santo-domingo\\\/\",\"name\":\"Visita de Santo Domingo - Arena Tours Excursions\",\"isPartOf\":{\"@id\":\"https:\\\/\\\/www.arenatours-lasterrenas.com\\\/#website\"},\"primaryImageOfPage\":{\"@id\":\"https:\\\/\\\/www.arenatours-lasterrenas.com\\\/es\\\/excursiones\\\/visitar-santo-domingo\\\/#primaryimage\"},\"image\":{\"@id\":\"https:\\\/\\\/www.arenatours-lasterrenas.com\\\/es\\\/excursiones\\\/visitar-santo-domingo\\\/#primaryimage\"},\"thumbnailUrl\":\"https:\\\/\\\/www.arenatours-lasterrenas.com\\\/wp-content\\\/uploads\\\/2015\\\/07\\\/santo-domingo-4.jpg\",\"datePublished\":\"2019-11-22T10:15:37+00:00\",\"dateModified\":\"2024-01-11T14:53:59+00:00\",\"breadcrumb\":{\"@id\":\"https:\\\/\\\/www.arenatours-lasterrenas.com\\\/es\\\/excursiones\\\/visitar-santo-domingo\\\/#breadcrumb\"},\"inLanguage\":\"es\",\"potentialAction\":[{\"@type\":\"ReadAction\",\"target\":[\"https:\\\/\\\/www.arenatours-lasterrenas.com\\\/es\\\/excursiones\\\/visitar-santo-domingo\\\/\"]}]},{\"@type\":\"ImageObject\",\"inLanguage\":\"es\",\"@id\":\"https:\\\/\\\/www.arenatours-lasterrenas.com\\\/es\\\/excursiones\\\/visitar-santo-domingo\\\/#primaryimage\",\"url\":\"https:\\\/\\\/www.arenatours-lasterrenas.com\\\/wp-content\\\/uploads\\\/2015\\\/07\\\/santo-domingo-4.jpg\",\"contentUrl\":\"https:\\\/\\\/www.arenatours-lasterrenas.com\\\/wp-content\\\/uploads\\\/2015\\\/07\\\/santo-domingo-4.jpg\",\"width\":660,\"height\":365},{\"@type\":\"BreadcrumbList\",\"@id\":\"https:\\\/\\\/www.arenatours-lasterrenas.com\\\/es\\\/excursiones\\\/visitar-santo-domingo\\\/#breadcrumb\",\"itemListElement\":[{\"@type\":\"ListItem\",\"position\":1,\"name\":\"Accueil\",\"item\":\"https:\\\/\\\/www.arenatours-lasterrenas.com\\\/es\\\/\"},{\"@type\":\"ListItem\",\"position\":2,\"name\":\"Excursiones\",\"item\":\"https:\\\/\\\/www.arenatours-lasterrenas.com\\\/es\\\/excursiones\\\/\"},{\"@type\":\"ListItem\",\"position\":3,\"name\":\"Visita de Santo Domingo\"}]},{\"@type\":\"WebSite\",\"@id\":\"https:\\\/\\\/www.arenatours-lasterrenas.com\\\/#website\",\"url\":\"https:\\\/\\\/www.arenatours-lasterrenas.com\\\/\",\"name\":\"Arena Tours Excursions\",\"description\":\"\",\"publisher\":{\"@id\":\"https:\\\/\\\/www.arenatours-lasterrenas.com\\\/#organization\"},\"potentialAction\":[{\"@type\":\"SearchAction\",\"target\":{\"@type\":\"EntryPoint\",\"urlTemplate\":\"https:\\\/\\\/www.arenatours-lasterrenas.com\\\/?s={search_term_string}\"},\"query-input\":{\"@type\":\"PropertyValueSpecification\",\"valueRequired\":true,\"valueName\":\"search_term_string\"}}],\"inLanguage\":\"es\"},{\"@type\":\"Organization\",\"@id\":\"https:\\\/\\\/www.arenatours-lasterrenas.com\\\/#organization\",\"name\":\"ARENA TOURS\",\"url\":\"https:\\\/\\\/www.arenatours-lasterrenas.com\\\/\",\"logo\":{\"@type\":\"ImageObject\",\"inLanguage\":\"es\",\"@id\":\"https:\\\/\\\/www.arenatours-lasterrenas.com\\\/#\\\/schema\\\/logo\\\/image\\\/\",\"url\":\"http:\\\/\\\/www.arenatours-lasterrenas.com\\\/wp-content\\\/uploads\\\/2015\\\/07\\\/Logo-Arena-Tours-BAT-ret.png\",\"contentUrl\":\"http:\\\/\\\/www.arenatours-lasterrenas.com\\\/wp-content\\\/uploads\\\/2015\\\/07\\\/Logo-Arena-Tours-BAT-ret.png\",\"width\":1181,\"height\":403,\"caption\":\"ARENA TOURS\"},\"image\":{\"@id\":\"https:\\\/\\\/www.arenatours-lasterrenas.com\\\/#\\\/schema\\\/logo\\\/image\\\/\"},\"sameAs\":[\"https:\\\/\\\/fr-ca.facebook.com\\\/pages\\\/Arena-Tours\\\/545968388760595\"]}]}<\/script>\n<!-- \/ Yoast SEO plugin. -->","yoast_head_json":{"title":"Visita de Santo Domingo - Arena Tours Excursions","robots":{"index":"index","follow":"follow","max-snippet":"max-snippet:-1","max-image-preview":"max-image-preview:large","max-video-preview":"max-video-preview:-1"},"canonical":"https:\/\/www.arenatours-lasterrenas.com\/es\/excursiones\/visitar-santo-domingo\/","og_locale":"es_ES","og_type":"article","og_title":"Visita de Santo Domingo - Arena Tours Excursions","og_description":"CULTURA Y TRADICI\u00d2N : Capital de la Rep\u00f9blica Dominicana, Santo Domingo fu\u00e9 la primera capital del Nuevo Mundo fondado por los\u00a0 \u00abconquistadores\u00bb a partir de 1496. VISITA DE LA CIUDAD VIEJA : Zona Colonial La Catedral Santa Maria la Menor, primera catedral de las Americas ,edificada de 1510 a 1540. Caminando por las calles clasificadas&nbsp;&hellip;","og_url":"https:\/\/www.arenatours-lasterrenas.com\/es\/excursiones\/visitar-santo-domingo\/","og_site_name":"Arena Tours Excursions","article_publisher":"https:\/\/fr-ca.facebook.com\/pages\/Arena-Tours\/545968388760595","article_modified_time":"2024-01-11T14:53:59+00:00","og_image":[{"width":660,"height":365,"url":"https:\/\/www.arenatours-lasterrenas.com\/wp-content\/uploads\/2015\/07\/santo-domingo-4.jpg","type":"image\/jpeg"}],"twitter_card":"summary_large_image","twitter_misc":{"Tiempo de lectura":"2 minutos"},"schema":{"@context":"https:\/\/schema.org","@graph":[{"@type":"WebPage","@id":"https:\/\/www.arenatours-lasterrenas.com\/es\/excursiones\/visitar-santo-domingo\/","url":"https:\/\/www.arenatours-lasterrenas.com\/es\/excursiones\/visitar-santo-domingo\/","name":"Visita de Santo Domingo - Arena Tours Excursions","isPartOf":{"@id":"https:\/\/www.arenatours-lasterrenas.com\/#website"},"primaryImageOfPage":{"@id":"https:\/\/www.arenatours-lasterrenas.com\/es\/excursiones\/visitar-santo-domingo\/#primaryimage"},"image":{"@id":"https:\/\/www.arenatours-lasterrenas.com\/es\/excursiones\/visitar-santo-domingo\/#primaryimage"},"thumbnailUrl":"https:\/\/www.arenatours-lasterrenas.com\/wp-content\/uploads\/2015\/07\/santo-domingo-4.jpg","datePublished":"2019-11-22T10:15:37+00:00","dateModified":"2024-01-11T14:53:59+00:00","breadcrumb":{"@id":"https:\/\/www.arenatours-lasterrenas.com\/es\/excursiones\/visitar-santo-domingo\/#breadcrumb"},"inLanguage":"es","potentialAction":[{"@type":"ReadAction","target":["https:\/\/www.arenatours-lasterrenas.com\/es\/excursiones\/visitar-santo-domingo\/"]}]},{"@type":"ImageObject","inLanguage":"es","@id":"https:\/\/www.arenatours-lasterrenas.com\/es\/excursiones\/visitar-santo-domingo\/#primaryimage","url":"https:\/\/www.arenatours-lasterrenas.com\/wp-content\/uploads\/2015\/07\/santo-domingo-4.jpg","contentUrl":"https:\/\/www.arenatours-lasterrenas.com\/wp-content\/uploads\/2015\/07\/santo-domingo-4.jpg","width":660,"height":365},{"@type":"BreadcrumbList","@id":"https:\/\/www.arenatours-lasterrenas.com\/es\/excursiones\/visitar-santo-domingo\/#breadcrumb","itemListElement":[{"@type":"ListItem","position":1,"name":"Accueil","item":"https:\/\/www.arenatours-lasterrenas.com\/es\/"},{"@type":"ListItem","position":2,"name":"Excursiones","item":"https:\/\/www.arenatours-lasterrenas.com\/es\/excursiones\/"},{"@type":"ListItem","position":3,"name":"Visita de Santo Domingo"}]},{"@type":"WebSite","@id":"https:\/\/www.arenatours-lasterrenas.com\/#website","url":"https:\/\/www.arenatours-lasterrenas.com\/","name":"Arena Tours Excursions","description":"","publisher":{"@id":"https:\/\/www.arenatours-lasterrenas.com\/#organization"},"potentialAction":[{"@type":"SearchAction","target":{"@type":"EntryPoint","urlTemplate":"https:\/\/www.arenatours-lasterrenas.com\/?s={search_term_string}"},"query-input":{"@type":"PropertyValueSpecification","valueRequired":true,"valueName":"search_term_string"}}],"inLanguage":"es"},{"@type":"Organization","@id":"https:\/\/www.arenatours-lasterrenas.com\/#organization","name":"ARENA TOURS","url":"https:\/\/www.arenatours-lasterrenas.com\/","logo":{"@type":"ImageObject","inLanguage":"es","@id":"https:\/\/www.arenatours-lasterrenas.com\/#\/schema\/logo\/image\/","url":"http:\/\/www.arenatours-lasterrenas.com\/wp-content\/uploads\/2015\/07\/Logo-Arena-Tours-BAT-ret.png","contentUrl":"http:\/\/www.arenatours-lasterrenas.com\/wp-content\/uploads\/2015\/07\/Logo-Arena-Tours-BAT-ret.png","width":1181,"height":403,"caption":"ARENA TOURS"},"image":{"@id":"https:\/\/www.arenatours-lasterrenas.com\/#\/schema\/logo\/image\/"},"sameAs":["https:\/\/fr-ca.facebook.com\/pages\/Arena-Tours\/545968388760595"]}]}},"_links":{"self":[{"href":"https:\/\/www.arenatours-lasterrenas.com\/es\/wp-json\/wp\/v2\/pages\/3868","targetHints":{"allow":["GET"]}}],"collection":[{"href":"https:\/\/www.arenatours-lasterrenas.com\/es\/wp-json\/wp\/v2\/pages"}],"about":[{"href":"https:\/\/www.arenatours-lasterrenas.com\/es\/wp-json\/wp\/v2\/types\/page"}],"author":[{"embeddable":true,"href":"https:\/\/www.arenatours-lasterrenas.com\/es\/wp-json\/wp\/v2\/users\/3"}],"replies":[{"embeddable":true,"href":"https:\/\/www.arenatours-lasterrenas.com\/es\/wp-json\/wp\/v2\/comments?post=3868"}],"version-history":[{"count":14,"href":"https:\/\/www.arenatours-lasterrenas.com\/es\/wp-json\/wp\/v2\/pages\/3868\/revisions"}],"predecessor-version":[{"id":6730,"href":"https:\/\/www.arenatours-lasterrenas.com\/es\/wp-json\/wp\/v2\/pages\/3868\/revisions\/6730"}],"up":[{"embeddable":true,"href":"https:\/\/www.arenatours-lasterrenas.com\/es\/wp-json\/wp\/v2\/pages\/1531"}],"wp:featuredmedia":[{"embeddable":true,"href":"https:\/\/www.arenatours-lasterrenas.com\/es\/wp-json\/wp\/v2\/media\/2838"}],"wp:attachment":[{"href":"https:\/\/www.arenatours-lasterrenas.com\/es\/wp-json\/wp\/v2\/media?parent=3868"}],"curies":[{"name":"wp","href":"https:\/\/api.w.org\/{rel}","templated":true}]}}