{"id":3824,"date":"2019-11-22T09:48:53","date_gmt":"2019-11-22T08:48:53","guid":{"rendered":"http:\/\/www.arenatours-lasterrenas.com\/?page_id=3824"},"modified":"2024-01-08T21:46:39","modified_gmt":"2024-01-08T20:46:39","slug":"pesca-deportiva","status":"publish","type":"page","link":"https:\/\/www.arenatours-lasterrenas.com\/es\/excursiones\/pesca-deportiva\/","title":{"rendered":"Pesca deportiva"},"content":{"rendered":"\t\t<div data-elementor-type=\"wp-page\" data-elementor-id=\"3824\" class=\"elementor elementor-3824 elementor-2600\">\n\t\t\t\t\t\t<section class=\"elementor-section elementor-top-section elementor-element elementor-element-3ad1cab elementor-section-boxed elementor-section-height-default elementor-section-height-default\" data-id=\"3ad1cab\" data-element_type=\"section\" data-e-type=\"section\">\n\t\t\t\t\t\t<div class=\"elementor-container elementor-column-gap-default\">\n\t\t\t\t\t<div class=\"elementor-column elementor-col-100 elementor-top-column elementor-element elementor-element-f2b97f8\" data-id=\"f2b97f8\" data-element_type=\"column\" data-e-type=\"column\">\n\t\t\t<div class=\"elementor-widget-wrap elementor-element-populated\">\n\t\t\t\t\t\t<div class=\"elementor-element elementor-element-6196255 elementor-widget elementor-widget-text-editor\" data-id=\"6196255\" data-element_type=\"widget\" data-e-type=\"widget\" data-widget_type=\"text-editor.default\">\n\t\t\t\t<div class=\"elementor-widget-container\">\n\t\t\t\t\t\t\t\t\t<p><span style=\"color: #000000;\">Para los amantes de la <strong>pesca en la alta mar<\/strong> !!!!<\/span><\/p><p><span style=\"color: #000000;\">Dependiendo de la temporada : at\u00fan, marlin, dorada o otros locales pescados Chillo, capitan&#8230;<\/span><\/p><p><span style=\"color: #000000;\">Barco con\u00a0 equipamiento adecuado &#8211; ca\u00f1as de pesca y capitan competente. <\/span><\/p><p><span style=\"color: #000000;\"><em>Minimo de 4 personas &#8211; a preguntar y dependiente de la meteo de la mar<\/em><br \/><\/span><\/p>\t\t\t\t\t\t\t\t<\/div>\n\t\t\t\t<\/div>\n\t\t\t\t\t<\/div>\n\t\t<\/div>\n\t\t\t\t\t<\/div>\n\t\t<\/section>\n\t\t\t\t<section class=\"elementor-section elementor-top-section elementor-element elementor-element-ba3538c elementor-section-boxed elementor-section-height-default elementor-section-height-default\" data-id=\"ba3538c\" data-element_type=\"section\" data-e-type=\"section\">\n\t\t\t\t\t\t<div class=\"elementor-container elementor-column-gap-default\">\n\t\t\t\t\t<div class=\"elementor-column elementor-col-100 elementor-top-column elementor-element elementor-element-ab9f7ba\" data-id=\"ab9f7ba\" data-element_type=\"column\" data-e-type=\"column\">\n\t\t\t<div class=\"elementor-widget-wrap elementor-element-populated\">\n\t\t\t\t\t\t<div class=\"elementor-element elementor-element-9f6f571 elementor-widget elementor-widget-spacer\" data-id=\"9f6f571\" data-element_type=\"widget\" data-e-type=\"widget\" data-widget_type=\"spacer.default\">\n\t\t\t\t<div class=\"elementor-widget-container\">\n\t\t\t\t\t\t\t<div class=\"elementor-spacer\">\n\t\t\t<div class=\"elementor-spacer-inner\"><\/div>\n\t\t<\/div>\n\t\t\t\t\t\t<\/div>\n\t\t\t\t<\/div>\n\t\t\t\t\t<\/div>\n\t\t<\/div>\n\t\t\t\t\t<\/div>\n\t\t<\/section>\n\t\t\t\t<section class=\"elementor-section elementor-top-section elementor-element elementor-element-ed75eed elementor-section-boxed elementor-section-height-default elementor-section-height-default\" data-id=\"ed75eed\" data-element_type=\"section\" data-e-type=\"section\">\n\t\t\t\t\t\t<div class=\"elementor-container elementor-column-gap-default\">\n\t\t\t\t\t<div class=\"elementor-column elementor-col-100 elementor-top-column elementor-element elementor-element-e7c3877\" data-id=\"e7c3877\" data-element_type=\"column\" data-e-type=\"column\">\n\t\t\t<div class=\"elementor-widget-wrap elementor-element-populated\">\n\t\t\t\t\t\t<div class=\"elementor-element elementor-element-0240e81 elementor-widget elementor-widget-heading\" data-id=\"0240e81\" data-element_type=\"widget\" data-e-type=\"widget\" data-widget_type=\"heading.default\">\n\t\t\t\t<div class=\"elementor-widget-container\">\n\t\t\t\t\t<h2 class=\"elementor-heading-title elementor-size-default\"><i style=\"font-size: 2.8rem;text-align: center;white-space: normal;, sans-serif\">Fotograf\u00edas<\/i><\/h2>\t\t\t\t<\/div>\n\t\t\t\t<\/div>\n\t\t\t\t\t<\/div>\n\t\t<\/div>\n\t\t\t\t\t<\/div>\n\t\t<\/section>\n\t\t\t\t<section class=\"elementor-section elementor-top-section elementor-element elementor-element-5f3b2b6 elementor-section-boxed elementor-section-height-default elementor-section-height-default\" data-id=\"5f3b2b6\" data-element_type=\"section\" data-e-type=\"section\">\n\t\t\t\t\t\t<div class=\"elementor-container elementor-column-gap-default\">\n\t\t\t\t\t<div class=\"elementor-column elementor-col-100 elementor-top-column elementor-element elementor-element-e8e4f00\" data-id=\"e8e4f00\" data-element_type=\"column\" data-e-type=\"column\">\n\t\t\t<div class=\"elementor-widget-wrap elementor-element-populated\">\n\t\t\t\t\t\t<div class=\"elementor-element elementor-element-7ae8459 elementor-widget elementor-widget-image-gallery\" data-id=\"7ae8459\" data-element_type=\"widget\" data-e-type=\"widget\" data-widget_type=\"image-gallery.default\">\n\t\t\t\t<div class=\"elementor-widget-container\">\n\t\t\t\t\t\t\t<div class=\"elementor-image-gallery\">\n\t\t\t\n\t\t<style type=\"text\/css\">\n\t\t\t#gallery-1 {\n\t\t\t\tmargin: auto;\n\t\t\t}\n\t\t\t#gallery-1 .gallery-item {\n\t\t\t\tfloat: left;\n\t\t\t\tmargin-top: 10px;\n\t\t\t\ttext-align: center;\n\t\t\t\twidth: 25%;\n\t\t\t}\n\t\t\t#gallery-1 img {\n\t\t\t\tborder: 2px solid #cfcfcf;\n\t\t\t}\n\t\t\t#gallery-1 .gallery-caption {\n\t\t\t\tmargin-left: 0;\n\t\t\t}\n\t\t\t\/* see gallery_shortcode() in wp-includes\/media.php *\/\n\t\t<\/style>\n\t\t<div id='gallery-1' class='gallery galleryid-3824 gallery-columns-4 gallery-size-thumbnail'><dl class='gallery-item'>\n\t\t\t<dt class='gallery-icon portrait'>\n\t\t\t\t<a data-elementor-open-lightbox=\"yes\" data-elementor-lightbox-slideshow=\"7ae8459\" data-elementor-lightbox-title=\"Peche Sportive\" data-e-action-hash=\"#elementor-action%3Aaction%3Dlightbox%26settings%3DeyJpZCI6MjgxNiwidXJsIjoiaHR0cHM6XC9cL3d3dy5hcmVuYXRvdXJzLWxhc3RlcnJlbmFzLmNvbVwvd3AtY29udGVudFwvdXBsb2Fkc1wvMjAxNVwvMDdcL3BlY2hlLXNwb3J0aXZlLTIuanBnIiwic2xpZGVzaG93IjoiN2FlODQ1OSJ9\" href='https:\/\/www.arenatours-lasterrenas.com\/wp-content\/uploads\/2015\/07\/peche-sportive-2.jpg' title=\"\" data-rl_title=\"\" class=\"rl-gallery-link\" data-rl_caption=\"\" data-rel=\"lightbox-gallery-1\"><img decoding=\"async\" width=\"150\" height=\"150\" src=\"https:\/\/www.arenatours-lasterrenas.com\/wp-content\/uploads\/2015\/07\/peche-sportive-2-150x150.jpg\" class=\"attachment-thumbnail size-thumbnail\" alt=\"\" \/><\/a>\n\t\t\t<\/dt><\/dl><dl class='gallery-item'>\n\t\t\t<dt class='gallery-icon landscape'>\n\t\t\t\t<a data-elementor-open-lightbox=\"yes\" data-elementor-lightbox-slideshow=\"7ae8459\" data-elementor-lightbox-title=\"bateau Patrick (2)\" data-e-action-hash=\"#elementor-action%3Aaction%3Dlightbox%26settings%3DeyJpZCI6NjQ1NiwidXJsIjoiaHR0cHM6XC9cL3d3dy5hcmVuYXRvdXJzLWxhc3RlcnJlbmFzLmNvbVwvd3AtY29udGVudFwvdXBsb2Fkc1wvMjAyNFwvMDFcL2JhdGVhdS1QYXRyaWNrLTItMi5wbmciLCJzbGlkZXNob3ciOiI3YWU4NDU5In0%3D\" href='https:\/\/www.arenatours-lasterrenas.com\/wp-content\/uploads\/2024\/01\/bateau-Patrick-2-2.png' title=\"\" data-rl_title=\"\" class=\"rl-gallery-link\" data-rl_caption=\"\" data-rel=\"lightbox-gallery-1\"><img decoding=\"async\" width=\"150\" height=\"150\" src=\"https:\/\/www.arenatours-lasterrenas.com\/wp-content\/uploads\/2024\/01\/bateau-Patrick-2-2-150x150.png\" class=\"attachment-thumbnail size-thumbnail\" alt=\"\" \/><\/a>\n\t\t\t<\/dt><\/dl><dl class='gallery-item'>\n\t\t\t<dt class='gallery-icon landscape'>\n\t\t\t\t<a data-elementor-open-lightbox=\"yes\" data-elementor-lightbox-slideshow=\"7ae8459\" data-elementor-lightbox-title=\"_MGP1544\" data-e-action-hash=\"#elementor-action%3Aaction%3Dlightbox%26settings%3DeyJpZCI6NjQ1OCwidXJsIjoiaHR0cHM6XC9cL3d3dy5hcmVuYXRvdXJzLWxhc3RlcnJlbmFzLmNvbVwvd3AtY29udGVudFwvdXBsb2Fkc1wvMjAyNFwvMDFcL01HUDE1NDQtMi1zY2FsZWQuanBnIiwic2xpZGVzaG93IjoiN2FlODQ1OSJ9\" href='https:\/\/www.arenatours-lasterrenas.com\/wp-content\/uploads\/2024\/01\/MGP1544-2-scaled.jpg' title=\"\" data-rl_title=\"\" class=\"rl-gallery-link\" data-rl_caption=\"\" data-rel=\"lightbox-gallery-1\"><img decoding=\"async\" width=\"150\" height=\"150\" src=\"https:\/\/www.arenatours-lasterrenas.com\/wp-content\/uploads\/2024\/01\/MGP1544-2-150x150.jpg\" class=\"attachment-thumbnail size-thumbnail\" alt=\"\" \/><\/a>\n\t\t\t<\/dt><\/dl>\n\t\t\t<br style='clear: both' \/>\n\t\t<\/div>\n\t\t<\/div>\n\t\t\t\t\t\t<\/div>\n\t\t\t\t<\/div>\n\t\t\t\t\t<\/div>\n\t\t<\/div>\n\t\t\t\t\t<\/div>\n\t\t<\/section>\n\t\t\t\t<section class=\"elementor-section elementor-top-section elementor-element elementor-element-406dfd6 elementor-section-boxed elementor-section-height-default elementor-section-height-default\" data-id=\"406dfd6\" data-element_type=\"section\" data-e-type=\"section\">\n\t\t\t\t\t\t<div class=\"elementor-container elementor-column-gap-default\">\n\t\t\t\t\t<div class=\"elementor-column elementor-col-100 elementor-top-column elementor-element elementor-element-841fe32\" data-id=\"841fe32\" data-element_type=\"column\" data-e-type=\"column\">\n\t\t\t<div class=\"elementor-widget-wrap elementor-element-populated\">\n\t\t\t\t\t\t<div class=\"elementor-element elementor-element-3d10c5f elementor-align-center elementor-widget elementor-widget-button\" data-id=\"3d10c5f\" data-element_type=\"widget\" data-e-type=\"widget\" data-widget_type=\"button.default\">\n\t\t\t\t<div class=\"elementor-widget-container\">\n\t\t\t\t\t\t\t\t\t<div class=\"elementor-button-wrapper\">\n\t\t\t\t\t<a class=\"elementor-button elementor-button-link elementor-size-lg\" href=\"https:\/\/www.arenatours-lasterrenas.com\/es\/contactarnos\/\">\n\t\t\t\t\t\t<span class=\"elementor-button-content-wrapper\">\n\t\t\t\t\t\t\t\t\t<span class=\"elementor-button-text\">Reservar<\/span>\n\t\t\t\t\t<\/span>\n\t\t\t\t\t<\/a>\n\t\t\t\t<\/div>\n\t\t\t\t\t\t\t\t<\/div>\n\t\t\t\t<\/div>\n\t\t\t\t<div class=\"elementor-element elementor-element-0274f24 elementor-align-right elementor-widget elementor-widget-button\" data-id=\"0274f24\" data-element_type=\"widget\" data-e-type=\"widget\" data-widget_type=\"button.default\">\n\t\t\t\t<div class=\"elementor-widget-container\">\n\t\t\t\t\t\t\t\t\t<div class=\"elementor-button-wrapper\">\n\t\t\t\t\t<a class=\"elementor-button elementor-button-link elementor-size-sm\" href=\"https:\/\/www.arenatours-lasterrenas.com\/es\/excursiones\/snorkeling\/\">\n\t\t\t\t\t\t<span class=\"elementor-button-content-wrapper\">\n\t\t\t\t\t\t\t\t\t<span class=\"elementor-button-text\">Excursi\u00f3n siguiente<\/span>\n\t\t\t\t\t<\/span>\n\t\t\t\t\t<\/a>\n\t\t\t\t<\/div>\n\t\t\t\t\t\t\t\t<\/div>\n\t\t\t\t<\/div>\n\t\t\t\t\t<\/div>\n\t\t<\/div>\n\t\t\t\t\t<\/div>\n\t\t<\/section>\n\t\t\t\t<\/div>\n\t\t","protected":false},"excerpt":{"rendered":"<p>Para los amantes de la pesca en la alta mar !!!! Dependiendo de la temporada : at\u00fan, marlin, dorada o otros locales pescados Chillo, capitan&#8230; Barco con\u00a0 equipamiento adecuado &#8211; ca\u00f1as de pesca y capitan competente. Minimo de 4 personas &#8211; a preguntar y dependiente de la meteo de la mar Fotograf\u00edas Reservar Excursi\u00f3n siguiente<\/p>\n","protected":false},"author":3,"featured_media":2988,"parent":1531,"menu_order":0,"comment_status":"closed","ping_status":"closed","template":"","meta":{"_monsterinsights_skip_tracking":false,"_monsterinsights_sitenote_active":false,"_monsterinsights_sitenote_note":"","_monsterinsights_sitenote_category":0,"footnotes":""},"class_list":["post-3824","page","type-page","status-publish","has-post-thumbnail","hentry"],"yoast_head":"<!-- This site is optimized with the Yoast SEO plugin v27.5 - https:\/\/yoast.com\/product\/yoast-seo-wordpress\/ -->\n<title>Pesca deportiva - Arena Tours Excursions<\/title>\n<meta name=\"robots\" content=\"index, follow, max-snippet:-1, max-image-preview:large, max-video-preview:-1\" \/>\n<link rel=\"canonical\" href=\"https:\/\/www.arenatours-lasterrenas.com\/es\/excursiones\/pesca-deportiva\/\" \/>\n<meta property=\"og:locale\" content=\"es_ES\" \/>\n<meta property=\"og:type\" content=\"article\" \/>\n<meta property=\"og:title\" content=\"Pesca deportiva - Arena Tours Excursions\" \/>\n<meta property=\"og:description\" content=\"Para los amantes de la pesca en la alta mar !!!! Dependiendo de la temporada : at\u00fan, marlin, dorada o otros locales pescados Chillo, capitan&#8230; Barco con\u00a0 equipamiento adecuado &#8211; ca\u00f1as de pesca y capitan competente. Minimo de 4 personas &#8211; a preguntar y dependiente de la meteo de la mar Fotograf\u00edas Reservar Excursi\u00f3n siguiente\" \/>\n<meta property=\"og:url\" content=\"https:\/\/www.arenatours-lasterrenas.com\/es\/excursiones\/pesca-deportiva\/\" \/>\n<meta property=\"og:site_name\" content=\"Arena Tours Excursions\" \/>\n<meta property=\"article:publisher\" content=\"https:\/\/fr-ca.facebook.com\/pages\/Arena-Tours\/545968388760595\" \/>\n<meta property=\"article:modified_time\" content=\"2024-01-08T20:46:39+00:00\" \/>\n<meta property=\"og:image\" content=\"https:\/\/www.arenatours-lasterrenas.com\/wp-content\/uploads\/2018\/08\/Peche-au-gros.jpg\" \/>\n\t<meta property=\"og:image:width\" content=\"2246\" \/>\n\t<meta property=\"og:image:height\" content=\"1418\" \/>\n\t<meta property=\"og:image:type\" content=\"image\/jpeg\" \/>\n<meta name=\"twitter:card\" content=\"summary_large_image\" \/>\n<meta name=\"twitter:label1\" content=\"Tiempo de lectura\" \/>\n\t<meta name=\"twitter:data1\" content=\"1 minuto\" \/>\n<script type=\"application\/ld+json\" class=\"yoast-schema-graph\">{\"@context\":\"https:\\\/\\\/schema.org\",\"@graph\":[{\"@type\":\"WebPage\",\"@id\":\"https:\\\/\\\/www.arenatours-lasterrenas.com\\\/es\\\/excursiones\\\/pesca-deportiva\\\/\",\"url\":\"https:\\\/\\\/www.arenatours-lasterrenas.com\\\/es\\\/excursiones\\\/pesca-deportiva\\\/\",\"name\":\"Pesca deportiva - Arena Tours Excursions\",\"isPartOf\":{\"@id\":\"https:\\\/\\\/www.arenatours-lasterrenas.com\\\/#website\"},\"primaryImageOfPage\":{\"@id\":\"https:\\\/\\\/www.arenatours-lasterrenas.com\\\/es\\\/excursiones\\\/pesca-deportiva\\\/#primaryimage\"},\"image\":{\"@id\":\"https:\\\/\\\/www.arenatours-lasterrenas.com\\\/es\\\/excursiones\\\/pesca-deportiva\\\/#primaryimage\"},\"thumbnailUrl\":\"https:\\\/\\\/www.arenatours-lasterrenas.com\\\/wp-content\\\/uploads\\\/2018\\\/08\\\/Peche-au-gros.jpg\",\"datePublished\":\"2019-11-22T08:48:53+00:00\",\"dateModified\":\"2024-01-08T20:46:39+00:00\",\"breadcrumb\":{\"@id\":\"https:\\\/\\\/www.arenatours-lasterrenas.com\\\/es\\\/excursiones\\\/pesca-deportiva\\\/#breadcrumb\"},\"inLanguage\":\"es\",\"potentialAction\":[{\"@type\":\"ReadAction\",\"target\":[\"https:\\\/\\\/www.arenatours-lasterrenas.com\\\/es\\\/excursiones\\\/pesca-deportiva\\\/\"]}]},{\"@type\":\"ImageObject\",\"inLanguage\":\"es\",\"@id\":\"https:\\\/\\\/www.arenatours-lasterrenas.com\\\/es\\\/excursiones\\\/pesca-deportiva\\\/#primaryimage\",\"url\":\"https:\\\/\\\/www.arenatours-lasterrenas.com\\\/wp-content\\\/uploads\\\/2018\\\/08\\\/Peche-au-gros.jpg\",\"contentUrl\":\"https:\\\/\\\/www.arenatours-lasterrenas.com\\\/wp-content\\\/uploads\\\/2018\\\/08\\\/Peche-au-gros.jpg\",\"width\":2246,\"height\":1418},{\"@type\":\"BreadcrumbList\",\"@id\":\"https:\\\/\\\/www.arenatours-lasterrenas.com\\\/es\\\/excursiones\\\/pesca-deportiva\\\/#breadcrumb\",\"itemListElement\":[{\"@type\":\"ListItem\",\"position\":1,\"name\":\"Accueil\",\"item\":\"https:\\\/\\\/www.arenatours-lasterrenas.com\\\/es\\\/\"},{\"@type\":\"ListItem\",\"position\":2,\"name\":\"Excursiones\",\"item\":\"https:\\\/\\\/www.arenatours-lasterrenas.com\\\/es\\\/excursiones\\\/\"},{\"@type\":\"ListItem\",\"position\":3,\"name\":\"Pesca deportiva\"}]},{\"@type\":\"WebSite\",\"@id\":\"https:\\\/\\\/www.arenatours-lasterrenas.com\\\/#website\",\"url\":\"https:\\\/\\\/www.arenatours-lasterrenas.com\\\/\",\"name\":\"Arena Tours Excursions\",\"description\":\"\",\"publisher\":{\"@id\":\"https:\\\/\\\/www.arenatours-lasterrenas.com\\\/#organization\"},\"potentialAction\":[{\"@type\":\"SearchAction\",\"target\":{\"@type\":\"EntryPoint\",\"urlTemplate\":\"https:\\\/\\\/www.arenatours-lasterrenas.com\\\/?s={search_term_string}\"},\"query-input\":{\"@type\":\"PropertyValueSpecification\",\"valueRequired\":true,\"valueName\":\"search_term_string\"}}],\"inLanguage\":\"es\"},{\"@type\":\"Organization\",\"@id\":\"https:\\\/\\\/www.arenatours-lasterrenas.com\\\/#organization\",\"name\":\"ARENA TOURS\",\"url\":\"https:\\\/\\\/www.arenatours-lasterrenas.com\\\/\",\"logo\":{\"@type\":\"ImageObject\",\"inLanguage\":\"es\",\"@id\":\"https:\\\/\\\/www.arenatours-lasterrenas.com\\\/#\\\/schema\\\/logo\\\/image\\\/\",\"url\":\"http:\\\/\\\/www.arenatours-lasterrenas.com\\\/wp-content\\\/uploads\\\/2015\\\/07\\\/Logo-Arena-Tours-BAT-ret.png\",\"contentUrl\":\"http:\\\/\\\/www.arenatours-lasterrenas.com\\\/wp-content\\\/uploads\\\/2015\\\/07\\\/Logo-Arena-Tours-BAT-ret.png\",\"width\":1181,\"height\":403,\"caption\":\"ARENA TOURS\"},\"image\":{\"@id\":\"https:\\\/\\\/www.arenatours-lasterrenas.com\\\/#\\\/schema\\\/logo\\\/image\\\/\"},\"sameAs\":[\"https:\\\/\\\/fr-ca.facebook.com\\\/pages\\\/Arena-Tours\\\/545968388760595\"]}]}<\/script>\n<!-- \/ Yoast SEO plugin. -->","yoast_head_json":{"title":"Pesca deportiva - Arena Tours Excursions","robots":{"index":"index","follow":"follow","max-snippet":"max-snippet:-1","max-image-preview":"max-image-preview:large","max-video-preview":"max-video-preview:-1"},"canonical":"https:\/\/www.arenatours-lasterrenas.com\/es\/excursiones\/pesca-deportiva\/","og_locale":"es_ES","og_type":"article","og_title":"Pesca deportiva - Arena Tours Excursions","og_description":"Para los amantes de la pesca en la alta mar !!!! Dependiendo de la temporada : at\u00fan, marlin, dorada o otros locales pescados Chillo, capitan&#8230; Barco con\u00a0 equipamiento adecuado &#8211; ca\u00f1as de pesca y capitan competente. Minimo de 4 personas &#8211; a preguntar y dependiente de la meteo de la mar Fotograf\u00edas Reservar Excursi\u00f3n siguiente","og_url":"https:\/\/www.arenatours-lasterrenas.com\/es\/excursiones\/pesca-deportiva\/","og_site_name":"Arena Tours Excursions","article_publisher":"https:\/\/fr-ca.facebook.com\/pages\/Arena-Tours\/545968388760595","article_modified_time":"2024-01-08T20:46:39+00:00","og_image":[{"width":2246,"height":1418,"url":"https:\/\/www.arenatours-lasterrenas.com\/wp-content\/uploads\/2018\/08\/Peche-au-gros.jpg","type":"image\/jpeg"}],"twitter_card":"summary_large_image","twitter_misc":{"Tiempo de lectura":"1 minuto"},"schema":{"@context":"https:\/\/schema.org","@graph":[{"@type":"WebPage","@id":"https:\/\/www.arenatours-lasterrenas.com\/es\/excursiones\/pesca-deportiva\/","url":"https:\/\/www.arenatours-lasterrenas.com\/es\/excursiones\/pesca-deportiva\/","name":"Pesca deportiva - Arena Tours Excursions","isPartOf":{"@id":"https:\/\/www.arenatours-lasterrenas.com\/#website"},"primaryImageOfPage":{"@id":"https:\/\/www.arenatours-lasterrenas.com\/es\/excursiones\/pesca-deportiva\/#primaryimage"},"image":{"@id":"https:\/\/www.arenatours-lasterrenas.com\/es\/excursiones\/pesca-deportiva\/#primaryimage"},"thumbnailUrl":"https:\/\/www.arenatours-lasterrenas.com\/wp-content\/uploads\/2018\/08\/Peche-au-gros.jpg","datePublished":"2019-11-22T08:48:53+00:00","dateModified":"2024-01-08T20:46:39+00:00","breadcrumb":{"@id":"https:\/\/www.arenatours-lasterrenas.com\/es\/excursiones\/pesca-deportiva\/#breadcrumb"},"inLanguage":"es","potentialAction":[{"@type":"ReadAction","target":["https:\/\/www.arenatours-lasterrenas.com\/es\/excursiones\/pesca-deportiva\/"]}]},{"@type":"ImageObject","inLanguage":"es","@id":"https:\/\/www.arenatours-lasterrenas.com\/es\/excursiones\/pesca-deportiva\/#primaryimage","url":"https:\/\/www.arenatours-lasterrenas.com\/wp-content\/uploads\/2018\/08\/Peche-au-gros.jpg","contentUrl":"https:\/\/www.arenatours-lasterrenas.com\/wp-content\/uploads\/2018\/08\/Peche-au-gros.jpg","width":2246,"height":1418},{"@type":"BreadcrumbList","@id":"https:\/\/www.arenatours-lasterrenas.com\/es\/excursiones\/pesca-deportiva\/#breadcrumb","itemListElement":[{"@type":"ListItem","position":1,"name":"Accueil","item":"https:\/\/www.arenatours-lasterrenas.com\/es\/"},{"@type":"ListItem","position":2,"name":"Excursiones","item":"https:\/\/www.arenatours-lasterrenas.com\/es\/excursiones\/"},{"@type":"ListItem","position":3,"name":"Pesca deportiva"}]},{"@type":"WebSite","@id":"https:\/\/www.arenatours-lasterrenas.com\/#website","url":"https:\/\/www.arenatours-lasterrenas.com\/","name":"Arena Tours Excursions","description":"","publisher":{"@id":"https:\/\/www.arenatours-lasterrenas.com\/#organization"},"potentialAction":[{"@type":"SearchAction","target":{"@type":"EntryPoint","urlTemplate":"https:\/\/www.arenatours-lasterrenas.com\/?s={search_term_string}"},"query-input":{"@type":"PropertyValueSpecification","valueRequired":true,"valueName":"search_term_string"}}],"inLanguage":"es"},{"@type":"Organization","@id":"https:\/\/www.arenatours-lasterrenas.com\/#organization","name":"ARENA TOURS","url":"https:\/\/www.arenatours-lasterrenas.com\/","logo":{"@type":"ImageObject","inLanguage":"es","@id":"https:\/\/www.arenatours-lasterrenas.com\/#\/schema\/logo\/image\/","url":"http:\/\/www.arenatours-lasterrenas.com\/wp-content\/uploads\/2015\/07\/Logo-Arena-Tours-BAT-ret.png","contentUrl":"http:\/\/www.arenatours-lasterrenas.com\/wp-content\/uploads\/2015\/07\/Logo-Arena-Tours-BAT-ret.png","width":1181,"height":403,"caption":"ARENA TOURS"},"image":{"@id":"https:\/\/www.arenatours-lasterrenas.com\/#\/schema\/logo\/image\/"},"sameAs":["https:\/\/fr-ca.facebook.com\/pages\/Arena-Tours\/545968388760595"]}]}},"_links":{"self":[{"href":"https:\/\/www.arenatours-lasterrenas.com\/es\/wp-json\/wp\/v2\/pages\/3824","targetHints":{"allow":["GET"]}}],"collection":[{"href":"https:\/\/www.arenatours-lasterrenas.com\/es\/wp-json\/wp\/v2\/pages"}],"about":[{"href":"https:\/\/www.arenatours-lasterrenas.com\/es\/wp-json\/wp\/v2\/types\/page"}],"author":[{"embeddable":true,"href":"https:\/\/www.arenatours-lasterrenas.com\/es\/wp-json\/wp\/v2\/users\/3"}],"replies":[{"embeddable":true,"href":"https:\/\/www.arenatours-lasterrenas.com\/es\/wp-json\/wp\/v2\/comments?post=3824"}],"version-history":[{"count":17,"href":"https:\/\/www.arenatours-lasterrenas.com\/es\/wp-json\/wp\/v2\/pages\/3824\/revisions"}],"predecessor-version":[{"id":6461,"href":"https:\/\/www.arenatours-lasterrenas.com\/es\/wp-json\/wp\/v2\/pages\/3824\/revisions\/6461"}],"up":[{"embeddable":true,"href":"https:\/\/www.arenatours-lasterrenas.com\/es\/wp-json\/wp\/v2\/pages\/1531"}],"wp:featuredmedia":[{"embeddable":true,"href":"https:\/\/www.arenatours-lasterrenas.com\/es\/wp-json\/wp\/v2\/media\/2988"}],"wp:attachment":[{"href":"https:\/\/www.arenatours-lasterrenas.com\/es\/wp-json\/wp\/v2\/media?parent=3824"}],"curies":[{"name":"wp","href":"https:\/\/api.w.org\/{rel}","templated":true}]}}