{"id":3656,"date":"2019-11-21T12:44:00","date_gmt":"2019-11-21T11:44:00","guid":{"rendered":"http:\/\/www.arenatours-lasterrenas.com\/?page_id=3656"},"modified":"2022-02-04T22:52:22","modified_gmt":"2022-02-04T21:52:22","slug":"salto-limon","status":"publish","type":"page","link":"https:\/\/www.arenatours-lasterrenas.com\/es\/excursiones\/salto-limon\/","title":{"rendered":"El Salto de Limon"},"content":{"rendered":"\t\t<div data-elementor-type=\"wp-page\" data-elementor-id=\"3656\" class=\"elementor elementor-3656 elementor-2397\">\n\t\t\t\t\t\t<section class=\"elementor-section elementor-top-section elementor-element elementor-element-06db0fa elementor-section-boxed elementor-section-height-default elementor-section-height-default\" data-id=\"06db0fa\" data-element_type=\"section\" data-e-type=\"section\">\n\t\t\t\t\t\t<div class=\"elementor-container elementor-column-gap-default\">\n\t\t\t\t\t<div class=\"elementor-column elementor-col-100 elementor-top-column elementor-element elementor-element-81f7b0a\" data-id=\"81f7b0a\" data-element_type=\"column\" data-e-type=\"column\">\n\t\t\t<div class=\"elementor-widget-wrap elementor-element-populated\">\n\t\t\t\t\t\t<div class=\"elementor-element elementor-element-4407db8 elementor-widget elementor-widget-text-editor\" data-id=\"4407db8\" data-element_type=\"widget\" data-e-type=\"widget\" data-widget_type=\"text-editor.default\">\n\t\t\t\t<div class=\"elementor-widget-container\">\n\t\t\t\t\t\t\t\t\t<p><span style=\"color: #000000;\">Situado en el municipio de\u00a0<strong>Limon<\/strong> a\u00a0unos 15 km de Las Terrenas,\u00a0el <strong>Salto<\/strong> con sus paredes de granito es de una gran belleza natural. La ca\u00edda de m\u00e1s de <strong>40 metros<\/strong> de altura le ofrecer\u00e1 un <strong>espectaculo<\/strong> <strong>deslumbrante.<\/strong> Usted podr\u00e1 aprovechar sus\u00a0frescas aguas para ba\u00f1arse\u00a0en el peque\u00f1o lago.<\/span><\/p><p><span style=\"color: #000000;\">Despu\u00e9s 20 mn de paseo a <strong>caballo<\/strong>, a trav\u00e9s de las lomas y la luxuriosa vegetaci\u00f3n, donde crecen los \u00e1rboles de <strong>cafe<\/strong> y de<strong> cocoa,<\/strong> Usted descubrir\u00e1 este famoso salto.<\/span><\/p><p><span style=\"color: #000000;\">Posibilidad de hacer el camino a pie, en cuyo caso ha de proveerse de buenos calzados.<\/span><\/p><p><span style=\"color: #000000;\">Vuelta al <strong>Rancho <\/strong>para un buen\u00a0 almuerzo dominicano.<\/span><\/p>\t\t\t\t\t\t\t\t<\/div>\n\t\t\t\t<\/div>\n\t\t\t\t\t<\/div>\n\t\t<\/div>\n\t\t\t\t\t<\/div>\n\t\t<\/section>\n\t\t\t\t<section class=\"elementor-section elementor-top-section elementor-element elementor-element-7a936af elementor-section-boxed elementor-section-height-default elementor-section-height-default\" data-id=\"7a936af\" data-element_type=\"section\" data-e-type=\"section\">\n\t\t\t\t\t\t<div class=\"elementor-container elementor-column-gap-default\">\n\t\t\t\t\t<div class=\"elementor-column elementor-col-100 elementor-top-column elementor-element elementor-element-c50b4ba\" data-id=\"c50b4ba\" data-element_type=\"column\" data-e-type=\"column\">\n\t\t\t<div class=\"elementor-widget-wrap elementor-element-populated\">\n\t\t\t\t\t\t<div class=\"elementor-element elementor-element-7ba4fd8 elementor-widget elementor-widget-spacer\" data-id=\"7ba4fd8\" data-element_type=\"widget\" data-e-type=\"widget\" data-widget_type=\"spacer.default\">\n\t\t\t\t<div class=\"elementor-widget-container\">\n\t\t\t\t\t\t\t<div class=\"elementor-spacer\">\n\t\t\t<div class=\"elementor-spacer-inner\"><\/div>\n\t\t<\/div>\n\t\t\t\t\t\t<\/div>\n\t\t\t\t<\/div>\n\t\t\t\t\t<\/div>\n\t\t<\/div>\n\t\t\t\t\t<\/div>\n\t\t<\/section>\n\t\t\t\t<section class=\"elementor-section elementor-top-section elementor-element elementor-element-59e5b79 elementor-section-boxed elementor-section-height-default elementor-section-height-default\" data-id=\"59e5b79\" data-element_type=\"section\" data-e-type=\"section\">\n\t\t\t\t\t\t<div class=\"elementor-container elementor-column-gap-default\">\n\t\t\t\t\t<div class=\"elementor-column elementor-col-100 elementor-top-column elementor-element elementor-element-d0f07b2\" data-id=\"d0f07b2\" data-element_type=\"column\" data-e-type=\"column\">\n\t\t\t<div class=\"elementor-widget-wrap elementor-element-populated\">\n\t\t\t\t\t\t<div class=\"elementor-element elementor-element-3ec3e56 elementor-widget elementor-widget-heading\" data-id=\"3ec3e56\" data-element_type=\"widget\" data-e-type=\"widget\" data-widget_type=\"heading.default\">\n\t\t\t\t<div class=\"elementor-widget-container\">\n\t\t\t\t\t<h2 class=\"elementor-heading-title elementor-size-default\"><font color=\"#000000\" face=\"Playfair Display, sans-serif\"><span style=\"white-space: normal\"><i>Fotograf\u00edas<\/i><\/span><\/font><\/h2>\t\t\t\t<\/div>\n\t\t\t\t<\/div>\n\t\t\t\t\t<\/div>\n\t\t<\/div>\n\t\t\t\t\t<\/div>\n\t\t<\/section>\n\t\t\t\t<section class=\"elementor-section elementor-top-section elementor-element elementor-element-97f1602 elementor-section-boxed elementor-section-height-default elementor-section-height-default\" data-id=\"97f1602\" data-element_type=\"section\" data-e-type=\"section\">\n\t\t\t\t\t\t<div class=\"elementor-container elementor-column-gap-default\">\n\t\t\t\t\t<div class=\"elementor-column elementor-col-100 elementor-top-column elementor-element elementor-element-b91a77b\" data-id=\"b91a77b\" data-element_type=\"column\" data-e-type=\"column\">\n\t\t\t<div class=\"elementor-widget-wrap elementor-element-populated\">\n\t\t\t\t\t\t<div class=\"elementor-element elementor-element-3247783 elementor-widget elementor-widget-image-gallery\" data-id=\"3247783\" data-element_type=\"widget\" data-e-type=\"widget\" data-widget_type=\"image-gallery.default\">\n\t\t\t\t<div class=\"elementor-widget-container\">\n\t\t\t\t\t\t\t<div class=\"elementor-image-gallery\">\n\t\t\t\n\t\t<style type=\"text\/css\">\n\t\t\t#gallery-1 {\n\t\t\t\tmargin: auto;\n\t\t\t}\n\t\t\t#gallery-1 .gallery-item {\n\t\t\t\tfloat: left;\n\t\t\t\tmargin-top: 10px;\n\t\t\t\ttext-align: center;\n\t\t\t\twidth: 25%;\n\t\t\t}\n\t\t\t#gallery-1 img {\n\t\t\t\tborder: 2px solid #cfcfcf;\n\t\t\t}\n\t\t\t#gallery-1 .gallery-caption {\n\t\t\t\tmargin-left: 0;\n\t\t\t}\n\t\t\t\/* see gallery_shortcode() in wp-includes\/media.php *\/\n\t\t<\/style>\n\t\t<div id='gallery-1' class='gallery galleryid-3656 gallery-columns-4 gallery-size-thumbnail'><dl class='gallery-item'>\n\t\t\t<dt class='gallery-icon portrait'>\n\t\t\t\t<a data-elementor-open-lightbox=\"yes\" data-elementor-lightbox-slideshow=\"3247783\" data-elementor-lightbox-title=\"Limon\" data-e-action-hash=\"#elementor-action%3Aaction%3Dlightbox%26settings%3DeyJpZCI6MzExMSwidXJsIjoiaHR0cHM6XC9cL3d3dy5hcmVuYXRvdXJzLWxhc3RlcnJlbmFzLmNvbVwvd3AtY29udGVudFwvdXBsb2Fkc1wvMjAxOVwvMTBcL0xpbW9uLmpwZWciLCJzbGlkZXNob3ciOiIzMjQ3NzgzIn0%3D\" href='https:\/\/www.arenatours-lasterrenas.com\/wp-content\/uploads\/2019\/10\/Limon.jpeg' title=\"\" data-rl_title=\"\" class=\"rl-gallery-link\" data-rl_caption=\"\" data-rel=\"lightbox-gallery-1\"><img decoding=\"async\" width=\"150\" height=\"150\" src=\"https:\/\/www.arenatours-lasterrenas.com\/wp-content\/uploads\/2019\/10\/Limon-150x150.jpeg\" class=\"attachment-thumbnail size-thumbnail\" alt=\"\" aria-describedby=\"gallery-1-3111\" \/><\/a>\n\t\t\t<\/dt>\n\t\t\t\t<dd class='wp-caption-text gallery-caption' id='gallery-1-3111'>\n\t\t\t\tCascade El Limon\n\t\t\t\t<\/dd><\/dl><dl class='gallery-item'>\n\t\t\t<dt class='gallery-icon portrait'>\n\t\t\t\t<a data-elementor-open-lightbox=\"yes\" data-elementor-lightbox-slideshow=\"3247783\" data-elementor-lightbox-title=\"_1_3\" data-e-action-hash=\"#elementor-action%3Aaction%3Dlightbox%26settings%3DeyJpZCI6MzEwMywidXJsIjoiaHR0cHM6XC9cL3d3dy5hcmVuYXRvdXJzLWxhc3RlcnJlbmFzLmNvbVwvd3AtY29udGVudFwvdXBsb2Fkc1wvMjAxOVwvMTBcLzFfMy5qcGciLCJzbGlkZXNob3ciOiIzMjQ3NzgzIn0%3D\" href='https:\/\/www.arenatours-lasterrenas.com\/wp-content\/uploads\/2019\/10\/1_3.jpg' title=\"\" data-rl_title=\"\" class=\"rl-gallery-link\" data-rl_caption=\"\" data-rel=\"lightbox-gallery-1\"><img decoding=\"async\" width=\"150\" height=\"150\" src=\"https:\/\/www.arenatours-lasterrenas.com\/wp-content\/uploads\/2019\/10\/1_3-150x150.jpg\" class=\"attachment-thumbnail size-thumbnail\" alt=\"\" aria-describedby=\"gallery-1-3103\" \/><\/a>\n\t\t\t<\/dt>\n\t\t\t\t<dd class='wp-caption-text gallery-caption' id='gallery-1-3103'>\n\t\t\t\tCascade El Limon\n\t\t\t\t<\/dd><\/dl>\n\t\t\t<br style='clear: both' \/>\n\t\t<\/div>\n\t\t<\/div>\n\t\t\t\t\t\t<\/div>\n\t\t\t\t<\/div>\n\t\t\t\t\t<\/div>\n\t\t<\/div>\n\t\t\t\t\t<\/div>\n\t\t<\/section>\n\t\t\t\t<section class=\"elementor-section elementor-top-section elementor-element elementor-element-f3db12e elementor-section-boxed elementor-section-height-default elementor-section-height-default\" data-id=\"f3db12e\" data-element_type=\"section\" data-e-type=\"section\">\n\t\t\t\t\t\t<div class=\"elementor-container elementor-column-gap-default\">\n\t\t\t\t\t<div class=\"elementor-column elementor-col-100 elementor-top-column elementor-element elementor-element-88b4ed4\" data-id=\"88b4ed4\" data-element_type=\"column\" data-e-type=\"column\">\n\t\t\t<div class=\"elementor-widget-wrap elementor-element-populated\">\n\t\t\t\t\t\t<div class=\"elementor-element elementor-element-cc70376 elementor-align-center elementor-widget elementor-widget-button\" data-id=\"cc70376\" data-element_type=\"widget\" data-e-type=\"widget\" data-widget_type=\"button.default\">\n\t\t\t\t<div class=\"elementor-widget-container\">\n\t\t\t\t\t\t\t\t\t<div class=\"elementor-button-wrapper\">\n\t\t\t\t\t<a class=\"elementor-button elementor-button-link elementor-size-xl\" href=\"https:\/\/www.arenatours-lasterrenas.com\/es\/contactarnos\/\">\n\t\t\t\t\t\t<span class=\"elementor-button-content-wrapper\">\n\t\t\t\t\t\t\t\t\t<span class=\"elementor-button-text\">Reservar<\/span>\n\t\t\t\t\t<\/span>\n\t\t\t\t\t<\/a>\n\t\t\t\t<\/div>\n\t\t\t\t\t\t\t\t<\/div>\n\t\t\t\t<\/div>\n\t\t\t\t<div class=\"elementor-element elementor-element-c61b732 elementor-align-right elementor-widget elementor-widget-button\" data-id=\"c61b732\" data-element_type=\"widget\" data-e-type=\"widget\" data-widget_type=\"button.default\">\n\t\t\t\t<div class=\"elementor-widget-container\">\n\t\t\t\t\t\t\t\t\t<div class=\"elementor-button-wrapper\">\n\t\t\t\t\t<a class=\"elementor-button elementor-button-link elementor-size-sm\" href=\"https:\/\/www.arenatours-lasterrenas.com\/es\/excursiones\/las-ballenas\/\">\n\t\t\t\t\t\t<span class=\"elementor-button-content-wrapper\">\n\t\t\t\t\t\t\t\t\t<span class=\"elementor-button-text\">Excursi\u00f3n siguiente<\/span>\n\t\t\t\t\t<\/span>\n\t\t\t\t\t<\/a>\n\t\t\t\t<\/div>\n\t\t\t\t\t\t\t\t<\/div>\n\t\t\t\t<\/div>\n\t\t\t\t\t<\/div>\n\t\t<\/div>\n\t\t\t\t\t<\/div>\n\t\t<\/section>\n\t\t\t\t<\/div>\n\t\t","protected":false},"excerpt":{"rendered":"<p>Situado en el municipio de\u00a0Limon a\u00a0unos 15 km de Las Terrenas,\u00a0el Salto con sus paredes de granito es de una gran belleza natural. La ca\u00edda de m\u00e1s de 40 metros de altura le ofrecer\u00e1 un espectaculo deslumbrante. Usted podr\u00e1 aprovechar sus\u00a0frescas aguas para ba\u00f1arse\u00a0en el peque\u00f1o lago. Despu\u00e9s 20 mn de paseo a caballo, a&nbsp;&hellip;<\/p>\n","protected":false},"author":3,"featured_media":2750,"parent":1531,"menu_order":0,"comment_status":"closed","ping_status":"closed","template":"","meta":{"_monsterinsights_skip_tracking":false,"_monsterinsights_sitenote_active":false,"_monsterinsights_sitenote_note":"","_monsterinsights_sitenote_category":0,"footnotes":""},"class_list":["post-3656","page","type-page","status-publish","has-post-thumbnail","hentry"],"yoast_head":"<!-- This site is optimized with the Yoast SEO plugin v27.5 - https:\/\/yoast.com\/product\/yoast-seo-wordpress\/ -->\n<title>El Salto de Limon - Arena Tours Excursions<\/title>\n<meta name=\"robots\" content=\"index, follow, max-snippet:-1, max-image-preview:large, max-video-preview:-1\" \/>\n<link rel=\"canonical\" href=\"https:\/\/www.arenatours-lasterrenas.com\/es\/excursiones\/salto-limon\/\" \/>\n<meta property=\"og:locale\" content=\"es_ES\" \/>\n<meta property=\"og:type\" content=\"article\" \/>\n<meta property=\"og:title\" content=\"El Salto de Limon - Arena Tours Excursions\" \/>\n<meta property=\"og:description\" content=\"Situado en el municipio de\u00a0Limon a\u00a0unos 15 km de Las Terrenas,\u00a0el Salto con sus paredes de granito es de una gran belleza natural. La ca\u00edda de m\u00e1s de 40 metros de altura le ofrecer\u00e1 un espectaculo deslumbrante. Usted podr\u00e1 aprovechar sus\u00a0frescas aguas para ba\u00f1arse\u00a0en el peque\u00f1o lago. Despu\u00e9s 20 mn de paseo a caballo, a&nbsp;&hellip;\" \/>\n<meta property=\"og:url\" content=\"https:\/\/www.arenatours-lasterrenas.com\/es\/excursiones\/salto-limon\/\" \/>\n<meta property=\"og:site_name\" content=\"Arena Tours Excursions\" \/>\n<meta property=\"article:publisher\" content=\"https:\/\/fr-ca.facebook.com\/pages\/Arena-Tours\/545968388760595\" \/>\n<meta property=\"article:modified_time\" content=\"2022-02-04T21:52:22+00:00\" \/>\n<meta property=\"og:image\" content=\"https:\/\/www.arenatours-lasterrenas.com\/wp-content\/uploads\/2015\/07\/salto-el-limon-4-1024x768.jpg\" \/>\n\t<meta property=\"og:image:width\" content=\"1024\" \/>\n\t<meta property=\"og:image:height\" content=\"768\" \/>\n\t<meta property=\"og:image:type\" content=\"image\/jpeg\" \/>\n<meta name=\"twitter:card\" content=\"summary_large_image\" \/>\n<meta name=\"twitter:label1\" content=\"Tiempo de lectura\" \/>\n\t<meta name=\"twitter:data1\" content=\"2 minutos\" \/>\n<script type=\"application\/ld+json\" class=\"yoast-schema-graph\">{\"@context\":\"https:\\\/\\\/schema.org\",\"@graph\":[{\"@type\":\"WebPage\",\"@id\":\"https:\\\/\\\/www.arenatours-lasterrenas.com\\\/es\\\/excursiones\\\/salto-limon\\\/\",\"url\":\"https:\\\/\\\/www.arenatours-lasterrenas.com\\\/es\\\/excursiones\\\/salto-limon\\\/\",\"name\":\"El Salto de Limon - Arena Tours Excursions\",\"isPartOf\":{\"@id\":\"https:\\\/\\\/www.arenatours-lasterrenas.com\\\/#website\"},\"primaryImageOfPage\":{\"@id\":\"https:\\\/\\\/www.arenatours-lasterrenas.com\\\/es\\\/excursiones\\\/salto-limon\\\/#primaryimage\"},\"image\":{\"@id\":\"https:\\\/\\\/www.arenatours-lasterrenas.com\\\/es\\\/excursiones\\\/salto-limon\\\/#primaryimage\"},\"thumbnailUrl\":\"https:\\\/\\\/www.arenatours-lasterrenas.com\\\/wp-content\\\/uploads\\\/2015\\\/07\\\/salto-el-limon-4.jpg\",\"datePublished\":\"2019-11-21T11:44:00+00:00\",\"dateModified\":\"2022-02-04T21:52:22+00:00\",\"breadcrumb\":{\"@id\":\"https:\\\/\\\/www.arenatours-lasterrenas.com\\\/es\\\/excursiones\\\/salto-limon\\\/#breadcrumb\"},\"inLanguage\":\"es\",\"potentialAction\":[{\"@type\":\"ReadAction\",\"target\":[\"https:\\\/\\\/www.arenatours-lasterrenas.com\\\/es\\\/excursiones\\\/salto-limon\\\/\"]}]},{\"@type\":\"ImageObject\",\"inLanguage\":\"es\",\"@id\":\"https:\\\/\\\/www.arenatours-lasterrenas.com\\\/es\\\/excursiones\\\/salto-limon\\\/#primaryimage\",\"url\":\"https:\\\/\\\/www.arenatours-lasterrenas.com\\\/wp-content\\\/uploads\\\/2015\\\/07\\\/salto-el-limon-4.jpg\",\"contentUrl\":\"https:\\\/\\\/www.arenatours-lasterrenas.com\\\/wp-content\\\/uploads\\\/2015\\\/07\\\/salto-el-limon-4.jpg\",\"width\":2592,\"height\":1944},{\"@type\":\"BreadcrumbList\",\"@id\":\"https:\\\/\\\/www.arenatours-lasterrenas.com\\\/es\\\/excursiones\\\/salto-limon\\\/#breadcrumb\",\"itemListElement\":[{\"@type\":\"ListItem\",\"position\":1,\"name\":\"Accueil\",\"item\":\"https:\\\/\\\/www.arenatours-lasterrenas.com\\\/es\\\/\"},{\"@type\":\"ListItem\",\"position\":2,\"name\":\"Excursiones\",\"item\":\"https:\\\/\\\/www.arenatours-lasterrenas.com\\\/es\\\/excursiones\\\/\"},{\"@type\":\"ListItem\",\"position\":3,\"name\":\"El Salto de Limon\"}]},{\"@type\":\"WebSite\",\"@id\":\"https:\\\/\\\/www.arenatours-lasterrenas.com\\\/#website\",\"url\":\"https:\\\/\\\/www.arenatours-lasterrenas.com\\\/\",\"name\":\"Arena Tours Excursions\",\"description\":\"\",\"publisher\":{\"@id\":\"https:\\\/\\\/www.arenatours-lasterrenas.com\\\/#organization\"},\"potentialAction\":[{\"@type\":\"SearchAction\",\"target\":{\"@type\":\"EntryPoint\",\"urlTemplate\":\"https:\\\/\\\/www.arenatours-lasterrenas.com\\\/?s={search_term_string}\"},\"query-input\":{\"@type\":\"PropertyValueSpecification\",\"valueRequired\":true,\"valueName\":\"search_term_string\"}}],\"inLanguage\":\"es\"},{\"@type\":\"Organization\",\"@id\":\"https:\\\/\\\/www.arenatours-lasterrenas.com\\\/#organization\",\"name\":\"ARENA TOURS\",\"url\":\"https:\\\/\\\/www.arenatours-lasterrenas.com\\\/\",\"logo\":{\"@type\":\"ImageObject\",\"inLanguage\":\"es\",\"@id\":\"https:\\\/\\\/www.arenatours-lasterrenas.com\\\/#\\\/schema\\\/logo\\\/image\\\/\",\"url\":\"http:\\\/\\\/www.arenatours-lasterrenas.com\\\/wp-content\\\/uploads\\\/2015\\\/07\\\/Logo-Arena-Tours-BAT-ret.png\",\"contentUrl\":\"http:\\\/\\\/www.arenatours-lasterrenas.com\\\/wp-content\\\/uploads\\\/2015\\\/07\\\/Logo-Arena-Tours-BAT-ret.png\",\"width\":1181,\"height\":403,\"caption\":\"ARENA TOURS\"},\"image\":{\"@id\":\"https:\\\/\\\/www.arenatours-lasterrenas.com\\\/#\\\/schema\\\/logo\\\/image\\\/\"},\"sameAs\":[\"https:\\\/\\\/fr-ca.facebook.com\\\/pages\\\/Arena-Tours\\\/545968388760595\"]}]}<\/script>\n<!-- \/ Yoast SEO plugin. -->","yoast_head_json":{"title":"El Salto de Limon - Arena Tours Excursions","robots":{"index":"index","follow":"follow","max-snippet":"max-snippet:-1","max-image-preview":"max-image-preview:large","max-video-preview":"max-video-preview:-1"},"canonical":"https:\/\/www.arenatours-lasterrenas.com\/es\/excursiones\/salto-limon\/","og_locale":"es_ES","og_type":"article","og_title":"El Salto de Limon - Arena Tours Excursions","og_description":"Situado en el municipio de\u00a0Limon a\u00a0unos 15 km de Las Terrenas,\u00a0el Salto con sus paredes de granito es de una gran belleza natural. La ca\u00edda de m\u00e1s de 40 metros de altura le ofrecer\u00e1 un espectaculo deslumbrante. Usted podr\u00e1 aprovechar sus\u00a0frescas aguas para ba\u00f1arse\u00a0en el peque\u00f1o lago. Despu\u00e9s 20 mn de paseo a caballo, a&nbsp;&hellip;","og_url":"https:\/\/www.arenatours-lasterrenas.com\/es\/excursiones\/salto-limon\/","og_site_name":"Arena Tours Excursions","article_publisher":"https:\/\/fr-ca.facebook.com\/pages\/Arena-Tours\/545968388760595","article_modified_time":"2022-02-04T21:52:22+00:00","og_image":[{"width":1024,"height":768,"url":"https:\/\/www.arenatours-lasterrenas.com\/wp-content\/uploads\/2015\/07\/salto-el-limon-4-1024x768.jpg","type":"image\/jpeg"}],"twitter_card":"summary_large_image","twitter_misc":{"Tiempo de lectura":"2 minutos"},"schema":{"@context":"https:\/\/schema.org","@graph":[{"@type":"WebPage","@id":"https:\/\/www.arenatours-lasterrenas.com\/es\/excursiones\/salto-limon\/","url":"https:\/\/www.arenatours-lasterrenas.com\/es\/excursiones\/salto-limon\/","name":"El Salto de Limon - Arena Tours Excursions","isPartOf":{"@id":"https:\/\/www.arenatours-lasterrenas.com\/#website"},"primaryImageOfPage":{"@id":"https:\/\/www.arenatours-lasterrenas.com\/es\/excursiones\/salto-limon\/#primaryimage"},"image":{"@id":"https:\/\/www.arenatours-lasterrenas.com\/es\/excursiones\/salto-limon\/#primaryimage"},"thumbnailUrl":"https:\/\/www.arenatours-lasterrenas.com\/wp-content\/uploads\/2015\/07\/salto-el-limon-4.jpg","datePublished":"2019-11-21T11:44:00+00:00","dateModified":"2022-02-04T21:52:22+00:00","breadcrumb":{"@id":"https:\/\/www.arenatours-lasterrenas.com\/es\/excursiones\/salto-limon\/#breadcrumb"},"inLanguage":"es","potentialAction":[{"@type":"ReadAction","target":["https:\/\/www.arenatours-lasterrenas.com\/es\/excursiones\/salto-limon\/"]}]},{"@type":"ImageObject","inLanguage":"es","@id":"https:\/\/www.arenatours-lasterrenas.com\/es\/excursiones\/salto-limon\/#primaryimage","url":"https:\/\/www.arenatours-lasterrenas.com\/wp-content\/uploads\/2015\/07\/salto-el-limon-4.jpg","contentUrl":"https:\/\/www.arenatours-lasterrenas.com\/wp-content\/uploads\/2015\/07\/salto-el-limon-4.jpg","width":2592,"height":1944},{"@type":"BreadcrumbList","@id":"https:\/\/www.arenatours-lasterrenas.com\/es\/excursiones\/salto-limon\/#breadcrumb","itemListElement":[{"@type":"ListItem","position":1,"name":"Accueil","item":"https:\/\/www.arenatours-lasterrenas.com\/es\/"},{"@type":"ListItem","position":2,"name":"Excursiones","item":"https:\/\/www.arenatours-lasterrenas.com\/es\/excursiones\/"},{"@type":"ListItem","position":3,"name":"El Salto de Limon"}]},{"@type":"WebSite","@id":"https:\/\/www.arenatours-lasterrenas.com\/#website","url":"https:\/\/www.arenatours-lasterrenas.com\/","name":"Arena Tours Excursions","description":"","publisher":{"@id":"https:\/\/www.arenatours-lasterrenas.com\/#organization"},"potentialAction":[{"@type":"SearchAction","target":{"@type":"EntryPoint","urlTemplate":"https:\/\/www.arenatours-lasterrenas.com\/?s={search_term_string}"},"query-input":{"@type":"PropertyValueSpecification","valueRequired":true,"valueName":"search_term_string"}}],"inLanguage":"es"},{"@type":"Organization","@id":"https:\/\/www.arenatours-lasterrenas.com\/#organization","name":"ARENA TOURS","url":"https:\/\/www.arenatours-lasterrenas.com\/","logo":{"@type":"ImageObject","inLanguage":"es","@id":"https:\/\/www.arenatours-lasterrenas.com\/#\/schema\/logo\/image\/","url":"http:\/\/www.arenatours-lasterrenas.com\/wp-content\/uploads\/2015\/07\/Logo-Arena-Tours-BAT-ret.png","contentUrl":"http:\/\/www.arenatours-lasterrenas.com\/wp-content\/uploads\/2015\/07\/Logo-Arena-Tours-BAT-ret.png","width":1181,"height":403,"caption":"ARENA TOURS"},"image":{"@id":"https:\/\/www.arenatours-lasterrenas.com\/#\/schema\/logo\/image\/"},"sameAs":["https:\/\/fr-ca.facebook.com\/pages\/Arena-Tours\/545968388760595"]}]}},"_links":{"self":[{"href":"https:\/\/www.arenatours-lasterrenas.com\/es\/wp-json\/wp\/v2\/pages\/3656","targetHints":{"allow":["GET"]}}],"collection":[{"href":"https:\/\/www.arenatours-lasterrenas.com\/es\/wp-json\/wp\/v2\/pages"}],"about":[{"href":"https:\/\/www.arenatours-lasterrenas.com\/es\/wp-json\/wp\/v2\/types\/page"}],"author":[{"embeddable":true,"href":"https:\/\/www.arenatours-lasterrenas.com\/es\/wp-json\/wp\/v2\/users\/3"}],"replies":[{"embeddable":true,"href":"https:\/\/www.arenatours-lasterrenas.com\/es\/wp-json\/wp\/v2\/comments?post=3656"}],"version-history":[{"count":12,"href":"https:\/\/www.arenatours-lasterrenas.com\/es\/wp-json\/wp\/v2\/pages\/3656\/revisions"}],"predecessor-version":[{"id":6286,"href":"https:\/\/www.arenatours-lasterrenas.com\/es\/wp-json\/wp\/v2\/pages\/3656\/revisions\/6286"}],"up":[{"embeddable":true,"href":"https:\/\/www.arenatours-lasterrenas.com\/es\/wp-json\/wp\/v2\/pages\/1531"}],"wp:featuredmedia":[{"embeddable":true,"href":"https:\/\/www.arenatours-lasterrenas.com\/es\/wp-json\/wp\/v2\/media\/2750"}],"wp:attachment":[{"href":"https:\/\/www.arenatours-lasterrenas.com\/es\/wp-json\/wp\/v2\/media?parent=3656"}],"curies":[{"name":"wp","href":"https:\/\/api.w.org\/{rel}","templated":true}]}}