{"id":1507,"date":"2018-09-02T20:22:03","date_gmt":"2018-09-02T19:22:03","guid":{"rendered":"http:\/\/www.arenatours-lasterrenas.com\/es\/?page_id=1507"},"modified":"2024-01-02T23:14:10","modified_gmt":"2024-01-02T22:14:10","slug":"inicio","status":"publish","type":"page","link":"https:\/\/www.arenatours-lasterrenas.com\/es\/","title":{"rendered":"Inicio"},"content":{"rendered":"<h1 style=\"text-align: center;\"><strong>Vivan sus experiencia de otra manera<\/strong><\/h1><p style=\"text-align: left;\">Les\u00a0proponemos\u00a0maravillosas\u00a0excursiones\u00a0a partir de <strong>Las Terrenas<\/strong>, en la<strong>\u00a0bahia de Samana<\/strong>,\u00a0que\u00a0har\u00e1n\u00a0de sus\u00a0vacaciones\u00a0un\u00a0momento\u00a0inolvidable\u00a0.<\/p><p>Vengan a compartir con nosotros y nuestros guias locales la Visita del Parque Natural <strong>Los Ha\u00eftises <\/strong>(lugar original de los indios Ta\u00efnos), o un paseo hasta <strong>El Salto El Limon<\/strong> a caballo o a pie. Tambi\u00e9n podr\u00e1n disfrutar, en un <strong>Jeep Safari<\/strong>, de la <strong>Ruta del caf\u00e9<\/strong> y del cacao \u2026..<\/p><p>De Enero a Marzo, las <strong>Ballenas<\/strong> vienen del gran norte de Canada para tener sus crias en la <strong>Peninsula De Samana.<\/strong> La especialista en estos maravillosos mamiferos, Kim Beddal, les acompa\u00f1ar\u00e1 y\u00a0 compartir\u00e1 con ustedes su experiencia para hacerles descubrir estos mamiferos excepcionales !<\/p><p>Entre otras excusiones les proponemos la Visita de <strong>Santo Domingo<\/strong>, la <strong>pesca deportiva<\/strong> y muchas otras m\u00e1s&#8230;como el <b>snorkeling<\/b> a partir de las Terrenas o en la playa Fronton, asi como una excursion en un c<b>atamaran\u00a0<\/b><\/p><p>\u00a0Pasen por nuestra agencia en <strong style=\"color: #000000;\">Las Terrenas<\/strong>, localizada en el centro de la ciudad, donde estaremos encantados de cumplir sus peticiones y si lo desean, tambi\u00e9n organizarles <strong style=\"color: #000000;\">excursiones privadas.<\/strong>\u00a0<\/p><p>HASTA LUEGO\u00a0 !!!\u00a0<\/p>\t\t\n\t\t\t\t\t\t\t\t<figure><img decoding=\"async\" src=\"https:\/\/www.arenatours-lasterrenas.com\/wp-content\/uploads\/2022\/02\/O5A9767-1024x683.jpg\" alt=\"_O5A9767\" \/><\/figure><figure><img decoding=\"async\" src=\"https:\/\/www.arenatours-lasterrenas.com\/wp-content\/uploads\/2022\/02\/1_3-679x1024.jpg\" alt=\"_1_3\" \/><\/figure><figure><img decoding=\"async\" src=\"https:\/\/www.arenatours-lasterrenas.com\/wp-content\/uploads\/2022\/02\/agence-recente.jpg\" alt=\"agence r\u00e9cente\" \/><\/figure><figure><img decoding=\"async\" src=\"https:\/\/www.arenatours-lasterrenas.com\/wp-content\/uploads\/2022\/02\/IMG_1646-768x1024.jpg\" alt=\"IMG_1646\" \/><\/figure><figure><img decoding=\"async\" src=\"https:\/\/www.arenatours-lasterrenas.com\/wp-content\/uploads\/2022\/02\/unnamed-file.jpg\" alt=\"_\" \/><\/figure>\t\t\t\n\t\t\t<h2>Los Inevitables&nbsp;<\/h2>\t\t\n\t\t\t\t\t\t\t\t\t\t\t\t\t\t\t\t<a href=\"https:\/\/www.arenatours-lasterrenas.com\/es\/excursiones\/los-haitises\/\">\n\t\t\t\t\t\t\t<img fetchpriority=\"high\" decoding=\"async\" width=\"540\" height=\"359\" src=\"https:\/\/www.arenatours-lasterrenas.com\/wp-content\/uploads\/2022\/02\/unnamed-file-1.jpg\" alt=\"\" srcset=\"https:\/\/www.arenatours-lasterrenas.com\/wp-content\/uploads\/2022\/02\/unnamed-file-1.jpg 540w, https:\/\/www.arenatours-lasterrenas.com\/wp-content\/uploads\/2022\/02\/unnamed-file-1-300x199.jpg 300w\" sizes=\"(max-width: 540px) 100vw, 540px\" \/>\t\t\t\t\t\t\t\t<\/a>\n\t\t\t\t\t\t\t\t\t\t\t\t\t\t\t\t<a href=\"https:\/\/www.arenatours-lasterrenas.com\/es\/excursiones\/salto-limon\/\">\n\t\t\t\t\t\t\t<img decoding=\"async\" width=\"1024\" height=\"683\" src=\"https:\/\/www.arenatours-lasterrenas.com\/wp-content\/uploads\/2022\/02\/salto-el-limon-Samana-1024x683.jpg\" alt=\"\" srcset=\"https:\/\/www.arenatours-lasterrenas.com\/wp-content\/uploads\/2022\/02\/salto-el-limon-Samana-1024x683.jpg 1024w, https:\/\/www.arenatours-lasterrenas.com\/wp-content\/uploads\/2022\/02\/salto-el-limon-Samana-300x200.jpg 300w, https:\/\/www.arenatours-lasterrenas.com\/wp-content\/uploads\/2022\/02\/salto-el-limon-Samana-768x512.jpg 768w, https:\/\/www.arenatours-lasterrenas.com\/wp-content\/uploads\/2022\/02\/salto-el-limon-Samana.jpg 1200w\" sizes=\"(max-width: 1024px) 100vw, 1024px\" \/>\t\t\t\t\t\t\t\t<\/a>\n\t\t\t\t\t\t\t\t\t\t\t\t\t\t\t\t<a href=\"https:\/\/www.arenatours-lasterrenas.com\/es\/excursiones\/las-ballenas\/\">\n\t\t\t\t\t\t\t<img decoding=\"async\" width=\"1024\" height=\"683\" src=\"https:\/\/www.arenatours-lasterrenas.com\/wp-content\/uploads\/2022\/02\/O5A9767-1-1024x683.jpg\" alt=\"\" srcset=\"https:\/\/www.arenatours-lasterrenas.com\/wp-content\/uploads\/2022\/02\/O5A9767-1-1024x683.jpg 1024w, https:\/\/www.arenatours-lasterrenas.com\/wp-content\/uploads\/2022\/02\/O5A9767-1-300x200.jpg 300w, https:\/\/www.arenatours-lasterrenas.com\/wp-content\/uploads\/2022\/02\/O5A9767-1-768x512.jpg 768w, https:\/\/www.arenatours-lasterrenas.com\/wp-content\/uploads\/2022\/02\/O5A9767-1-1536x1024.jpg 1536w, https:\/\/www.arenatours-lasterrenas.com\/wp-content\/uploads\/2022\/02\/O5A9767-1-2048x1365.jpg 2048w, https:\/\/www.arenatours-lasterrenas.com\/wp-content\/uploads\/2022\/02\/O5A9767-1-1232x821.jpg 1232w, https:\/\/www.arenatours-lasterrenas.com\/wp-content\/uploads\/2022\/02\/O5A9767-1-1620x1080.jpg 1620w\" sizes=\"(max-width: 1024px) 100vw, 1024px\" \/>\t\t\t\t\t\t\t\t<\/a>\n\t\t<p style=\"text-align: center;\"><a href=\"https:\/\/www.arenatours-lasterrenas.com\/es\/excursiones\/#page-content\">Parque National Los Ha\u00eftises<\/a><\/p><p style=\"text-align: center;\"><a href=\"https:\/\/www.arenatours-lasterrenas.com\/es\/excursiones\/#page-content\">Salto Del Lim\u00f3n<\/a><\/p><p style=\"text-align: center;\"><a href=\"https:\/\/www.arenatours-lasterrenas.com\/es\/excursiones\/#page-content\">Las Ballenas\u00a0<\/a><\/p>\t\t\n\t\t\t<a href=\"https:\/\/www.arenatours-lasterrenas.com\/es\/contactarnos\/\">\n\t\t\t\t\t\tCont\u00e1ctenos\n\t\t\t\t\t<\/a>\n\t\t\t\t\t<a href=\"https:\/\/www.facebook.com\/Arenatourslasterrenas\" target=\"_blank\" rel=\"noopener\">\n\t\t\t\t\t\tFacebook\n\t\t\t\t\t\t\t\t\t\t\t<\/a>\n\t\t\t\t\t<a href=\"https:\/\/www.tripadvisor.fr\/Attraction_Review-g259440-d2476654-Reviews-Arena_Tours_Excursiones-Las_Terrenas_Samana_Province_Dominican_Republic.html\" target=\"_blank\" rel=\"noopener\">\n\t\t\t\t\t\tTripadvisor\n\t\t\t\t\t\t\t\t\t\t\t<\/a>\n\t\t\t\t\t<a href=\"https:\/\/www.instagram.com\/arena_tours_lasterrenas\/?hl=fr\" target=\"_blank\" rel=\"noopener\">\n\t\t\t\t\t\tInstagram\n\t\t\t\t\t\t\t\t\t\t\t<\/a>\n\t\t\t<iframe loading=\"lazy\"\n\t\t\t\t\tsrc=\"https:\/\/maps.google.com\/maps?q=Calle%20Duarte%2C%20Las%20Terrenas%2032000%2C%20R%C3%A9publique%20dominicaine&#038;t=m&#038;z=10&#038;output=embed&#038;iwloc=near\"\n\t\t\t\t\ttitle=\"Calle Duarte, Las Terrenas 32000, R\u00e9publique dominicaine\"\n\t\t\t\t\taria-label=\"Calle Duarte, Las Terrenas 32000, R\u00e9publique dominicaine\"\n\t\t\t><\/iframe>\n\t\t\n<div class=\"wpcf7 no-js\" id=\"wpcf7-f775-o1\" lang=\"es-ES\" dir=\"ltr\" data-wpcf7-id=\"775\">\n<div class=\"screen-reader-response\"><p role=\"status\" aria-live=\"polite\" aria-atomic=\"true\"><\/p> <ul><\/ul><\/div>\n<form action=\"\/es\/wp-json\/wp\/v2\/pages\/1507#wpcf7-f775-o1\" method=\"post\" class=\"wpcf7-form init\" aria-label=\"Formulario de contacto\" novalidate=\"novalidate\" data-status=\"init\">\n<fieldset class=\"hidden-fields-container\"><input type=\"hidden\" name=\"_wpcf7\" value=\"775\" \/><input type=\"hidden\" name=\"_wpcf7_version\" value=\"6.1.5\" \/><input type=\"hidden\" name=\"_wpcf7_locale\" value=\"es_ES\" \/><input type=\"hidden\" name=\"_wpcf7_unit_tag\" value=\"wpcf7-f775-o1\" \/><input type=\"hidden\" name=\"_wpcf7_container_post\" value=\"0\" \/><input type=\"hidden\" name=\"_wpcf7_posted_data_hash\" value=\"\" \/><input type=\"hidden\" name=\"_wpcf7_recaptcha_response\" value=\"\" \/>\n<\/fieldset>\n<p>Su nombre (requerido)\n<\/p>\n<p><span class=\"wpcf7-form-control-wrap\" data-name=\"your-name\"><input size=\"40\" maxlength=\"400\" class=\"wpcf7-form-control wpcf7-text wpcf7-validates-as-required\" aria-required=\"true\" aria-invalid=\"false\" value=\"\" type=\"text\" name=\"your-name\" \/><\/span>\n<\/p>\n<p>Su e-mail (requerido)\n<\/p>\n<p><span class=\"wpcf7-form-control-wrap\" data-name=\"your-email\"><input size=\"40\" maxlength=\"400\" class=\"wpcf7-form-control wpcf7-email wpcf7-validates-as-required wpcf7-text wpcf7-validates-as-email\" aria-required=\"true\" aria-invalid=\"false\" value=\"\" type=\"email\" name=\"your-email\" \/><\/span>\n<\/p>\n<p>Asunto\n<\/p>\n<p><span class=\"wpcf7-form-control-wrap\" data-name=\"your-subject\"><input size=\"40\" maxlength=\"400\" class=\"wpcf7-form-control wpcf7-text\" aria-invalid=\"false\" value=\"\" type=\"text\" name=\"your-subject\" \/><\/span>\n<\/p>\n<p>Su mensaje\n<\/p>\n<p><span class=\"wpcf7-form-control-wrap\" data-name=\"your-message\"><textarea cols=\"40\" rows=\"10\" maxlength=\"2000\" class=\"wpcf7-form-control wpcf7-textarea\" aria-invalid=\"false\" name=\"your-message\"><\/textarea><\/span>\n<\/p>\n\n<p><input class=\"wpcf7-form-control wpcf7-submit has-spinner\" type=\"submit\" value=\"Enviar\" \/>\n<\/p><div class=\"wpcf7-response-output\" aria-hidden=\"true\"><\/div>\n<\/form>\n<\/div>\n","protected":false},"excerpt":{"rendered":"<p>Vivan sus experiencia de otra maneraLes\u00a0proponemos\u00a0maravillosas\u00a0excursiones\u00a0a partir de Las Terrenas, en la\u00a0bahia de Samana,\u00a0que\u00a0har\u00e1n\u00a0de sus\u00a0vacaciones\u00a0un\u00a0momento\u00a0inolvidable\u00a0.Vengan a compartir con nosotros y nuestros guias locales la Visita del Parque Natural Los Ha\u00eftises (lugar original de los indios Ta\u00efnos), o un paseo hasta El Salto El Limon a caballo o a pie. Tambi\u00e9n podr\u00e1n disfrutar, en un Jeep&nbsp;&hellip;<\/p>\n","protected":false},"author":3,"featured_media":0,"parent":0,"menu_order":0,"comment_status":"closed","ping_status":"closed","template":"","meta":{"_monsterinsights_skip_tracking":false,"_monsterinsights_sitenote_active":false,"_monsterinsights_sitenote_note":"","_monsterinsights_sitenote_category":0,"footnotes":""},"class_list":["post-1507","page","type-page","status-publish","hentry"],"yoast_head":"<!-- This site is optimized with the Yoast SEO plugin v27.4 - https:\/\/yoast.com\/product\/yoast-seo-wordpress\/ -->\n<title>Inicio - Arena Tours Excursions<\/title>\n<meta name=\"robots\" content=\"index, follow, max-snippet:-1, max-image-preview:large, max-video-preview:-1\" \/>\n<link rel=\"canonical\" href=\"https:\/\/www.arenatours-lasterrenas.com\/es\/\" \/>\n<meta property=\"og:locale\" content=\"es_ES\" \/>\n<meta property=\"og:type\" content=\"article\" \/>\n<meta property=\"og:title\" content=\"Inicio - Arena Tours Excursions\" \/>\n<meta property=\"og:description\" content=\"Vivan sus experiencia de otra maneraLes\u00a0proponemos\u00a0maravillosas\u00a0excursiones\u00a0a partir de Las Terrenas, en la\u00a0bahia de Samana,\u00a0que\u00a0har\u00e1n\u00a0de sus\u00a0vacaciones\u00a0un\u00a0momento\u00a0inolvidable\u00a0.Vengan a compartir con nosotros y nuestros guias locales la Visita del Parque Natural Los Ha\u00eftises (lugar original de los indios Ta\u00efnos), o un paseo hasta El Salto El Limon a caballo o a pie. Tambi\u00e9n podr\u00e1n disfrutar, en un Jeep&nbsp;&hellip;\" \/>\n<meta property=\"og:url\" content=\"https:\/\/www.arenatours-lasterrenas.com\/es\/\" \/>\n<meta property=\"og:site_name\" content=\"Arena Tours Excursions\" \/>\n<meta property=\"article:publisher\" content=\"https:\/\/fr-ca.facebook.com\/pages\/Arena-Tours\/545968388760595\" \/>\n<meta property=\"article:modified_time\" content=\"2024-01-02T22:14:10+00:00\" \/>\n<meta property=\"og:image\" content=\"https:\/\/www.arenatours-lasterrenas.com\/wp-content\/uploads\/2022\/02\/O5A9767-1024x683.jpg\" \/>\n<meta name=\"twitter:card\" content=\"summary_large_image\" \/>\n<meta name=\"twitter:label1\" content=\"Tiempo de lectura\" \/>\n\t<meta name=\"twitter:data1\" content=\"3 minutos\" \/>\n<script type=\"application\/ld+json\" class=\"yoast-schema-graph\">{\"@context\":\"https:\\\/\\\/schema.org\",\"@graph\":[{\"@type\":\"WebPage\",\"@id\":\"https:\\\/\\\/www.arenatours-lasterrenas.com\\\/es\\\/\",\"url\":\"https:\\\/\\\/www.arenatours-lasterrenas.com\\\/es\\\/\",\"name\":\"Inicio - Arena Tours Excursions\",\"isPartOf\":{\"@id\":\"https:\\\/\\\/www.arenatours-lasterrenas.com\\\/#website\"},\"primaryImageOfPage\":{\"@id\":\"https:\\\/\\\/www.arenatours-lasterrenas.com\\\/es\\\/#primaryimage\"},\"image\":{\"@id\":\"https:\\\/\\\/www.arenatours-lasterrenas.com\\\/es\\\/#primaryimage\"},\"thumbnailUrl\":\"https:\\\/\\\/www.arenatours-lasterrenas.com\\\/wp-content\\\/uploads\\\/2022\\\/02\\\/O5A9767-1024x683.jpg\",\"datePublished\":\"2018-09-02T19:22:03+00:00\",\"dateModified\":\"2024-01-02T22:14:10+00:00\",\"breadcrumb\":{\"@id\":\"https:\\\/\\\/www.arenatours-lasterrenas.com\\\/es\\\/#breadcrumb\"},\"inLanguage\":\"es\",\"potentialAction\":[{\"@type\":\"ReadAction\",\"target\":[\"https:\\\/\\\/www.arenatours-lasterrenas.com\\\/es\\\/\"]}]},{\"@type\":\"ImageObject\",\"inLanguage\":\"es\",\"@id\":\"https:\\\/\\\/www.arenatours-lasterrenas.com\\\/es\\\/#primaryimage\",\"url\":\"https:\\\/\\\/www.arenatours-lasterrenas.com\\\/wp-content\\\/uploads\\\/2022\\\/02\\\/O5A9767-1024x683.jpg\",\"contentUrl\":\"https:\\\/\\\/www.arenatours-lasterrenas.com\\\/wp-content\\\/uploads\\\/2022\\\/02\\\/O5A9767-1024x683.jpg\"},{\"@type\":\"BreadcrumbList\",\"@id\":\"https:\\\/\\\/www.arenatours-lasterrenas.com\\\/es\\\/#breadcrumb\",\"itemListElement\":[{\"@type\":\"ListItem\",\"position\":1,\"name\":\"Accueil\",\"item\":\"https:\\\/\\\/www.arenatours-lasterrenas.com\\\/es\\\/\"},{\"@type\":\"ListItem\",\"position\":2,\"name\":\"Inicio\"}]},{\"@type\":\"WebSite\",\"@id\":\"https:\\\/\\\/www.arenatours-lasterrenas.com\\\/#website\",\"url\":\"https:\\\/\\\/www.arenatours-lasterrenas.com\\\/\",\"name\":\"Arena Tours Excursions\",\"description\":\"\",\"publisher\":{\"@id\":\"https:\\\/\\\/www.arenatours-lasterrenas.com\\\/#organization\"},\"potentialAction\":[{\"@type\":\"SearchAction\",\"target\":{\"@type\":\"EntryPoint\",\"urlTemplate\":\"https:\\\/\\\/www.arenatours-lasterrenas.com\\\/?s={search_term_string}\"},\"query-input\":{\"@type\":\"PropertyValueSpecification\",\"valueRequired\":true,\"valueName\":\"search_term_string\"}}],\"inLanguage\":\"es\"},{\"@type\":\"Organization\",\"@id\":\"https:\\\/\\\/www.arenatours-lasterrenas.com\\\/#organization\",\"name\":\"ARENA TOURS\",\"url\":\"https:\\\/\\\/www.arenatours-lasterrenas.com\\\/\",\"logo\":{\"@type\":\"ImageObject\",\"inLanguage\":\"es\",\"@id\":\"https:\\\/\\\/www.arenatours-lasterrenas.com\\\/#\\\/schema\\\/logo\\\/image\\\/\",\"url\":\"http:\\\/\\\/www.arenatours-lasterrenas.com\\\/wp-content\\\/uploads\\\/2015\\\/07\\\/Logo-Arena-Tours-BAT-ret.png\",\"contentUrl\":\"http:\\\/\\\/www.arenatours-lasterrenas.com\\\/wp-content\\\/uploads\\\/2015\\\/07\\\/Logo-Arena-Tours-BAT-ret.png\",\"width\":1181,\"height\":403,\"caption\":\"ARENA TOURS\"},\"image\":{\"@id\":\"https:\\\/\\\/www.arenatours-lasterrenas.com\\\/#\\\/schema\\\/logo\\\/image\\\/\"},\"sameAs\":[\"https:\\\/\\\/fr-ca.facebook.com\\\/pages\\\/Arena-Tours\\\/545968388760595\"]}]}<\/script>\n<!-- \/ Yoast SEO plugin. -->","yoast_head_json":{"title":"Inicio - Arena Tours Excursions","robots":{"index":"index","follow":"follow","max-snippet":"max-snippet:-1","max-image-preview":"max-image-preview:large","max-video-preview":"max-video-preview:-1"},"canonical":"https:\/\/www.arenatours-lasterrenas.com\/es\/","og_locale":"es_ES","og_type":"article","og_title":"Inicio - Arena Tours Excursions","og_description":"Vivan sus experiencia de otra maneraLes\u00a0proponemos\u00a0maravillosas\u00a0excursiones\u00a0a partir de Las Terrenas, en la\u00a0bahia de Samana,\u00a0que\u00a0har\u00e1n\u00a0de sus\u00a0vacaciones\u00a0un\u00a0momento\u00a0inolvidable\u00a0.Vengan a compartir con nosotros y nuestros guias locales la Visita del Parque Natural Los Ha\u00eftises (lugar original de los indios Ta\u00efnos), o un paseo hasta El Salto El Limon a caballo o a pie. Tambi\u00e9n podr\u00e1n disfrutar, en un Jeep&nbsp;&hellip;","og_url":"https:\/\/www.arenatours-lasterrenas.com\/es\/","og_site_name":"Arena Tours Excursions","article_publisher":"https:\/\/fr-ca.facebook.com\/pages\/Arena-Tours\/545968388760595","article_modified_time":"2024-01-02T22:14:10+00:00","og_image":[{"url":"https:\/\/www.arenatours-lasterrenas.com\/wp-content\/uploads\/2022\/02\/O5A9767-1024x683.jpg","type":"","width":"","height":""}],"twitter_card":"summary_large_image","twitter_misc":{"Tiempo de lectura":"3 minutos"},"schema":{"@context":"https:\/\/schema.org","@graph":[{"@type":"WebPage","@id":"https:\/\/www.arenatours-lasterrenas.com\/es\/","url":"https:\/\/www.arenatours-lasterrenas.com\/es\/","name":"Inicio - Arena Tours Excursions","isPartOf":{"@id":"https:\/\/www.arenatours-lasterrenas.com\/#website"},"primaryImageOfPage":{"@id":"https:\/\/www.arenatours-lasterrenas.com\/es\/#primaryimage"},"image":{"@id":"https:\/\/www.arenatours-lasterrenas.com\/es\/#primaryimage"},"thumbnailUrl":"https:\/\/www.arenatours-lasterrenas.com\/wp-content\/uploads\/2022\/02\/O5A9767-1024x683.jpg","datePublished":"2018-09-02T19:22:03+00:00","dateModified":"2024-01-02T22:14:10+00:00","breadcrumb":{"@id":"https:\/\/www.arenatours-lasterrenas.com\/es\/#breadcrumb"},"inLanguage":"es","potentialAction":[{"@type":"ReadAction","target":["https:\/\/www.arenatours-lasterrenas.com\/es\/"]}]},{"@type":"ImageObject","inLanguage":"es","@id":"https:\/\/www.arenatours-lasterrenas.com\/es\/#primaryimage","url":"https:\/\/www.arenatours-lasterrenas.com\/wp-content\/uploads\/2022\/02\/O5A9767-1024x683.jpg","contentUrl":"https:\/\/www.arenatours-lasterrenas.com\/wp-content\/uploads\/2022\/02\/O5A9767-1024x683.jpg"},{"@type":"BreadcrumbList","@id":"https:\/\/www.arenatours-lasterrenas.com\/es\/#breadcrumb","itemListElement":[{"@type":"ListItem","position":1,"name":"Accueil","item":"https:\/\/www.arenatours-lasterrenas.com\/es\/"},{"@type":"ListItem","position":2,"name":"Inicio"}]},{"@type":"WebSite","@id":"https:\/\/www.arenatours-lasterrenas.com\/#website","url":"https:\/\/www.arenatours-lasterrenas.com\/","name":"Arena Tours Excursions","description":"","publisher":{"@id":"https:\/\/www.arenatours-lasterrenas.com\/#organization"},"potentialAction":[{"@type":"SearchAction","target":{"@type":"EntryPoint","urlTemplate":"https:\/\/www.arenatours-lasterrenas.com\/?s={search_term_string}"},"query-input":{"@type":"PropertyValueSpecification","valueRequired":true,"valueName":"search_term_string"}}],"inLanguage":"es"},{"@type":"Organization","@id":"https:\/\/www.arenatours-lasterrenas.com\/#organization","name":"ARENA TOURS","url":"https:\/\/www.arenatours-lasterrenas.com\/","logo":{"@type":"ImageObject","inLanguage":"es","@id":"https:\/\/www.arenatours-lasterrenas.com\/#\/schema\/logo\/image\/","url":"http:\/\/www.arenatours-lasterrenas.com\/wp-content\/uploads\/2015\/07\/Logo-Arena-Tours-BAT-ret.png","contentUrl":"http:\/\/www.arenatours-lasterrenas.com\/wp-content\/uploads\/2015\/07\/Logo-Arena-Tours-BAT-ret.png","width":1181,"height":403,"caption":"ARENA TOURS"},"image":{"@id":"https:\/\/www.arenatours-lasterrenas.com\/#\/schema\/logo\/image\/"},"sameAs":["https:\/\/fr-ca.facebook.com\/pages\/Arena-Tours\/545968388760595"]}]}},"_links":{"self":[{"href":"https:\/\/www.arenatours-lasterrenas.com\/es\/wp-json\/wp\/v2\/pages\/1507","targetHints":{"allow":["GET"]}}],"collection":[{"href":"https:\/\/www.arenatours-lasterrenas.com\/es\/wp-json\/wp\/v2\/pages"}],"about":[{"href":"https:\/\/www.arenatours-lasterrenas.com\/es\/wp-json\/wp\/v2\/types\/page"}],"author":[{"embeddable":true,"href":"https:\/\/www.arenatours-lasterrenas.com\/es\/wp-json\/wp\/v2\/users\/3"}],"replies":[{"embeddable":true,"href":"https:\/\/www.arenatours-lasterrenas.com\/es\/wp-json\/wp\/v2\/comments?post=1507"}],"version-history":[{"count":52,"href":"https:\/\/www.arenatours-lasterrenas.com\/es\/wp-json\/wp\/v2\/pages\/1507\/revisions"}],"predecessor-version":[{"id":6130,"href":"https:\/\/www.arenatours-lasterrenas.com\/es\/wp-json\/wp\/v2\/pages\/1507\/revisions\/6130"}],"wp:attachment":[{"href":"https:\/\/www.arenatours-lasterrenas.com\/es\/wp-json\/wp\/v2\/media?parent=1507"}],"curies":[{"name":"wp","href":"https:\/\/api.w.org\/{rel}","templated":true}]}}